{"id":12181,"date":"2014-09-01T11:32:02","date_gmt":"2014-09-01T09:32:02","guid":{"rendered":"http:\/\/www.arvum-agriculture.com\/contacto\/"},"modified":"2024-10-24T19:25:36","modified_gmt":"2024-10-24T17:25:36","slug":"contact","status":"publish","type":"page","link":"https:\/\/www.arvum-agriculture.com\/en\/contact\/","title":{"rendered":"CONTACT"},"content":{"rendered":"<section class=\"wpb-content-wrapper\">[mk_page_section bg_image=&#8221;https:\/\/www.arvum-agriculture.com\/wp-content\/uploads\/2017\/12\/arvum-agriculture-contact.jpg&#8221; attachment=&#8221;fixed&#8221; bg_stretch=&#8221;true&#8221; min_height=&#8221;0&#8243; full_height=&#8221;true&#8221; sidebar=&#8221;sidebar-1&#8243; first_page=&#8221;false&#8221; last_page=&#8221;false&#8221;][vc_column][mk_fancy_title color=&#8221;#ffffff&#8221; size=&#8221;35&#8243; font_weight=&#8221;bold&#8221; txt_transform=&#8221;uppercase&#8221; letter_spacing=&#8221;6&#8243; margin_bottom=&#8221;0&#8243; font_family=&#8221;none&#8221; align=&#8221;center&#8221;]ARVUM[\/mk_fancy_title][mk_divider style=&#8221;thin_solid&#8221; divider_width=&#8221;custom_width&#8221; custom_width=&#8221;30&#8243; thickness=&#8221;3&#8243; margin_top=&#8221;30&#8243; margin_bottom=&#8221;30&#8243;][vc_row_inner][vc_column_inner width=&#8221;1\/2&#8243;][vc_column_text disable_pattern=&#8221;false&#8221; align=&#8221;center&#8221; margin_bottom=&#8221;60&#8243; css=&#8221;.vc_custom_1729780879579{margin-bottom: 60px !important;}&#8221;]\n<p style=\"line-height: 25px; font-size: 16px; letter-spacing: 1px; text-align: center;\"><span style=\"font-size: 18pt; color: #ffffff;\">SPAIN<\/span><br \/>\n<span style=\"color: #ffffff;\">Calle Virgen Pilar, 62, 03110 Mutxamel, Alicante<\/span><br \/>\n<span style=\"color: #ffffff;\">+34644355210<\/span><br \/>\n<span style=\"color: #ffffff;\">lferrer@arvum-agriculture.com<\/span><\/p>\n[\/vc_column_text][\/vc_column_inner][vc_column_inner width=&#8221;1\/2&#8243;][vc_column_text align=&#8221;center&#8221; css=&#8221;.vc_custom_1729780987746{margin-bottom: 0px !important;}&#8221;]\n<p style=\"text-align: center;\"><span style=\"font-size: 18pt; color: #ffffff;\">MOROCCO<\/span><br \/>\n<span style=\"color: #ffffff;\">19 Rue de Tanger, Kenitra 14070, Marruecos<\/span><br \/>\n<span style=\"color: #ffffff;\">+212661797944<\/span><br \/>\n<span style=\"color: #ffffff;\">lferrer@arvum-agriculture.com<\/span><\/p>\n[\/vc_column_text][\/vc_column_inner][\/vc_row_inner][vc_row_inner attached=&#8221;true&#8221;][vc_column_inner width=&#8221;1\/4&#8243;][\/vc_column_inner][vc_column_inner width=&#8221;1\/4&#8243;][mk_button dimension=&#8221;outline&#8221; corner_style=&#8221;rounded&#8221; size=&#8221;large&#8221; url=&#8221;#map&#8221; align=&#8221;right&#8221; outline_skin=&#8221;light&#8221;]PLAN[\/mk_button][\/vc_column_inner][vc_column_inner width=&#8221;1\/4&#8243;][mk_button dimension=&#8221;outline&#8221; corner_style=&#8221;rounded&#8221; size=&#8221;large&#8221; url=&#8221;#msg&#8221; outline_skin=&#8221;light&#8221;]CONTACT[\/mk_button][\/vc_column_inner][vc_column_inner width=&#8221;1\/4&#8243;][\/vc_column_inner][\/vc_row_inner][\/vc_column][\/mk_page_section][mk_page_section min_height=&#8221;0&#8243; full_height=&#8221;true&#8221; padding_top=&#8221;60&#8243; padding_bottom=&#8221;60&#8243; section_id=&#8221;msg&#8221; sidebar=&#8221;sidebar-1&#8243; first_page=&#8221;false&#8221; last_page=&#8221;false&#8221;][vc_column][mk_fancy_title color=&#8221;#444444&#8243; size=&#8221;20&#8243; font_weight=&#8221;bold&#8221; txt_transform=&#8221;uppercase&#8221; letter_spacing=&#8221;2&#8243; margin_bottom=&#8221;0&#8243; font_family=&#8221;none&#8221; align=&#8221;center&#8221;]WRITE TO US[\/mk_fancy_title][mk_divider style=&#8221;thin_solid&#8221; divider_width=&#8221;custom_width&#8221; custom_width=&#8221;30&#8243; thin_single_color=&#8221;#f56a14&#8243; thickness=&#8221;3&#8243; margin_top=&#8221;30&#8243; margin_bottom=&#8221;30&#8243;][vc_row_inner][vc_column_inner width=&#8221;1\/4&#8243;][\/vc_column_inner][vc_column_inner width=&#8221;1\/2&#8243;][vc_column_text disable_pattern=&#8221;false&#8221; align=&#8221;center&#8221; margin_bottom=&#8221;60&#8243; css=&#8221;.vc_custom_1513875662025{margin-bottom: 60px !important;}&#8221;][\/vc_column_text][\/vc_column_inner][vc_column_inner width=&#8221;1\/4&#8243;][\/vc_column_inner][\/vc_row_inner][vc_row_inner][vc_column_inner width=&#8221;1\/6&#8243;][\/vc_column_inner][vc_column_inner width=&#8221;2\/3&#8243;][mk_contact_form button_text=&#8221;SEND&#8221; email=&#8221;lferrer@arvum-agriculture.com&#8221; captcha=&#8221;false&#8221;][\/vc_column_inner][vc_column_inner width=&#8221;1\/6&#8243;][\/vc_column_inner][\/vc_row_inner][\/vc_column][\/mk_page_section][vc_row fullwidth=&#8221;true&#8221; padding=&#8221;0&#8243; id=&#8221;map&#8221; css=&#8221;.vc_custom_1519059179470{margin-bottom: 0px !important;padding-top: 0px !important;padding-right: 0px !important;padding-bottom: 0px !important;padding-left: 0px !important;}&#8221;][vc_column][vc_raw_html css=&#8221;.vc_custom_1729790724591{margin-bottom: 0px !important;padding-bottom: 0px !important;}&#8221;]JTNDaWZyYW1lJTIwc3JjJTNEJTIyaHR0cHMlM0ElMkYlMkZ3d3cuZ29vZ2xlLmNvbSUyRm1hcHMlMkZlbWJlZCUzRnBiJTNEJTIxMW0xNCUyMTFtOCUyMTFtMyUyMTFkMTA1NTIwLjAxNDE3NDUxMjI1JTIxMmQtNi42NjkzNzEwNzM5MzYyNTglMjEzZDM0LjI2MTI4ODY5OTk5OTk5NCUyMTNtMiUyMTFpMTAyNCUyMTJpNzY4JTIxNGYxMy4xJTIxM20zJTIxMW0yJTIxMXMweGRhNzU5YTM1YmIxOWRkZiUyNTNBMHg2ZDg0NzQ1Yjk4ZjhmM2Q1JTIxMnNBcnZ1bSUyNTIwTWFyb2MlMjUyMFNBUkwlMjE1ZTAlMjEzbTIlMjExc2ZyJTIxMnNtYSUyMTR2MTcyOTc5MDQxODY0MiUyMTVtMiUyMTFzZnIlMjEyc21hJTIyJTIwd2lkdGglM0QlMjIxOTIwJTIyJTIwaGVpZ2h0JTNEJTIyNzAwJTIyJTIwc3R5bGUlM0QlMjJib3JkZXIlM0EwJTNCJTIyJTIwYWxsb3dmdWxsc2NyZWVuJTNEJTIyJTIyJTIwbG9hZGluZyUzRCUyMmxhenklMjIlMjByZWZlcnJlcnBvbGljeSUzRCUyMm5vLXJlZmVycmVyLXdoZW4tZG93bmdyYWRlJTIyJTNFJTNDJTJGaWZyYW1lJTNF[\/vc_raw_html][\/vc_column][\/vc_row][vc_row][vc_column][vc_column_text]\n[\/vc_column_text][\/vc_column][\/vc_row][vc_row fullwidth=&#8221;true&#8221; fullwidth_content=&#8221;false&#8221; css=&#8221;.vc_custom_1518802630777{border-top-width: 5px !important;border-top-color: #f56a14 !important;border-top-style: solid !important;border-radius: 5px !important;}&#8221;][vc_column][mk_padding_divider size=&#8221;45&#8243;][vc_row_inner][vc_column_inner width=&#8221;1\/2&#8243;][mk_image src=&#8221;https:\/\/www.arvum-agriculture.com\/wp-content\/uploads\/2018\/02\/una-manera-de-hacer-europa.jpg&#8221; image_size=&#8221;full&#8221; frame_style=&#8221;shadow_only&#8221; align=&#8221;center&#8221;][\/vc_column_inner][vc_column_inner width=&#8221;1\/2&#8243;][mk_padding_divider][vc_column_text css=&#8221;.vc_custom_1518609600118{margin-bottom: 0px !important;}&#8221;]\n<p style=\"text-align: justify;\"><span style=\"font-size: 14pt;\"><strong>Apoyo financiero de IVACE a trav\u00e9s del Programa Digitaliza CV<\/strong><\/span><\/p>\n<p style=\"text-align: justify;\">El objetivo del proyecto es la creaci\u00f3n de una plataforma web interactiva, a trav\u00e9s de la cual se cree un sistema \u00fatil para la toma de decisiones\u00a0 para ayudar a los agricultores y organizaciones a analizar datos e informaci\u00f3n sobre sus cultivos.<\/p>\n[\/vc_column_text][\/vc_column_inner][\/vc_row_inner][mk_padding_divider][\/vc_column][\/vc_row]\n<\/section>","protected":false},"excerpt":{"rendered":"<p>[mk_page_section bg_image=&#8221;https:\/\/www.arvum-agriculture.com\/wp-content\/uploads\/2017\/12\/arvum-agriculture-contact.jpg&#8221; attachment=&#8221;fixed&#8221; bg_stretch=&#8221;true&#8221; min_height=&#8221;0&#8243; full_height=&#8221;true&#8221; sidebar=&#8221;sidebar-1&#8243; first_page=&#8221;false&#8221; last_page=&#8221;false&#8221;][vc_column][mk_fancy_title color=&#8221;#ffffff&#8221; size=&#8221;35&#8243; font_weight=&#8221;bold&#8221; txt_transform=&#8221;uppercase&#8221; letter_spacing=&#8221;6&#8243; margin_bottom=&#8221;0&#8243; font_family=&#8221;none&#8221; align=&#8221;center&#8221;]ARVUM[\/mk_fancy_title][mk_divider style=&#8221;thin_solid&#8221; divider_width=&#8221;custom_width&#8221; custom_width=&#8221;30&#8243; thickness=&#8221;3&#8243; margin_top=&#8221;30&#8243; margin_bottom=&#8221;30&#8243;][vc_row_inner][vc_column_inner width=&#8221;1\/2&#8243;][vc_column_text disable_pattern=&#8221;false&#8221; align=&#8221;center&#8221; margin_bottom=&#8221;60&#8243; css=&#8221;.vc_custom_1729780879579{margin-bottom: 60px !important;}&#8221;] SPAIN Calle Virgen Pilar, 62, 03110 Mutxamel, Alicante +34644355210 lferrer@arvum-agriculture.com [\/vc_column_text][\/vc_column_inner][vc_column_inner width=&#8221;1\/2&#8243;][vc_column_text align=&#8221;center&#8221; css=&#8221;.vc_custom_1729780987746{margin-bottom: 0px !important;}&#8221;] MOROCCO 19 Rue de Tanger, Kenitra 14070, Marruecos +212661797944 [&hellip;]<\/p>\n","protected":false},"author":1,"featured_media":0,"parent":0,"menu_order":0,"comment_status":"closed","ping_status":"closed","template":"","meta":[],"yoast_head":"<!-- This site is optimized with the Yoast SEO plugin v20.7 - https:\/\/yoast.com\/wordpress\/plugins\/seo\/ -->\n<title>ARVUM AGRICULTURE | Where and how to find us ?<\/title>\n<meta name=\"description\" content=\"ARVUM Espagne Calle Juan Carlos I, n\u00b0 129, Albatera, Alicante, 03340 info@arvum.es +34 6 44 35 52 10 France france@arvum.es +34 6 44 35 52 10 Maroc maroc@arvum.es +212 6 61 06 04 81\" \/>\n<meta name=\"robots\" content=\"index, follow, max-snippet:-1, max-image-preview:large, max-video-preview:-1\" \/>\n<link rel=\"canonical\" href=\"https:\/\/www.arvum-agriculture.com\/en\/contact\/\" \/>\n<meta property=\"og:locale\" content=\"en_US\" \/>\n<meta property=\"og:type\" content=\"article\" \/>\n<meta property=\"og:title\" content=\"ARVUM AGRICULTURE | Where and how to find us ?\" \/>\n<meta property=\"og:description\" content=\"ARVUM Espagne Calle Juan Carlos I, n\u00b0 129, Albatera, Alicante, 03340 info@arvum.es +34 6 44 35 52 10 France france@arvum.es +34 6 44 35 52 10 Maroc maroc@arvum.es +212 6 61 06 04 81\" \/>\n<meta property=\"og:url\" content=\"https:\/\/www.arvum-agriculture.com\/en\/contact\/\" \/>\n<meta property=\"og:site_name\" content=\"ARVUM AGRICULTURE\" \/>\n<meta property=\"article:modified_time\" content=\"2024-10-24T17:25:36+00:00\" \/>\n<meta name=\"twitter:card\" content=\"summary_large_image\" \/>\n<meta name=\"twitter:label1\" content=\"Est. reading time\" \/>\n\t<meta name=\"twitter:data1\" content=\"2 minutes\" \/>\n<script type=\"application\/ld+json\" class=\"yoast-schema-graph\">{\"@context\":\"https:\/\/schema.org\",\"@graph\":[{\"@type\":\"WebPage\",\"@id\":\"https:\/\/www.arvum-agriculture.com\/en\/contact\/\",\"url\":\"https:\/\/www.arvum-agriculture.com\/en\/contact\/\",\"name\":\"ARVUM AGRICULTURE | Where and how to find us ?\",\"isPartOf\":{\"@id\":\"https:\/\/www.arvum-agriculture.com\/#website\"},\"datePublished\":\"2014-09-01T09:32:02+00:00\",\"dateModified\":\"2024-10-24T17:25:36+00:00\",\"description\":\"ARVUM Espagne Calle Juan Carlos I, n\u00b0 129, Albatera, Alicante, 03340 info@arvum.es +34 6 44 35 52 10 France france@arvum.es +34 6 44 35 52 10 Maroc maroc@arvum.es +212 6 61 06 04 81\",\"breadcrumb\":{\"@id\":\"https:\/\/www.arvum-agriculture.com\/en\/contact\/#breadcrumb\"},\"inLanguage\":\"en-US\",\"potentialAction\":[{\"@type\":\"ReadAction\",\"target\":[\"https:\/\/www.arvum-agriculture.com\/en\/contact\/\"]}]},{\"@type\":\"BreadcrumbList\",\"@id\":\"https:\/\/www.arvum-agriculture.com\/en\/contact\/#breadcrumb\",\"itemListElement\":[{\"@type\":\"ListItem\",\"position\":1,\"name\":\"Accueil\",\"item\":\"https:\/\/www.arvum-agriculture.com\/en\/\"},{\"@type\":\"ListItem\",\"position\":2,\"name\":\"CONTACT\"}]},{\"@type\":\"WebSite\",\"@id\":\"https:\/\/www.arvum-agriculture.com\/#website\",\"url\":\"https:\/\/www.arvum-agriculture.com\/\",\"name\":\"ARVUM AGRICULTURE\",\"description\":\"Optimiser l&#039;irrigation | irrigation durable\",\"potentialAction\":[{\"@type\":\"SearchAction\",\"target\":{\"@type\":\"EntryPoint\",\"urlTemplate\":\"https:\/\/www.arvum-agriculture.com\/?s={search_term_string}\"},\"query-input\":\"required name=search_term_string\"}],\"inLanguage\":\"en-US\"}]}<\/script>\n<!-- \/ Yoast SEO plugin. -->","yoast_head_json":{"title":"ARVUM AGRICULTURE | Where and how to find us ?","description":"ARVUM Espagne Calle Juan Carlos I, n\u00b0 129, Albatera, Alicante, 03340 info@arvum.es +34 6 44 35 52 10 France france@arvum.es +34 6 44 35 52 10 Maroc maroc@arvum.es +212 6 61 06 04 81","robots":{"index":"index","follow":"follow","max-snippet":"max-snippet:-1","max-image-preview":"max-image-preview:large","max-video-preview":"max-video-preview:-1"},"canonical":"https:\/\/www.arvum-agriculture.com\/en\/contact\/","og_locale":"en_US","og_type":"article","og_title":"ARVUM AGRICULTURE | Where and how to find us ?","og_description":"ARVUM Espagne Calle Juan Carlos I, n\u00b0 129, Albatera, Alicante, 03340 info@arvum.es +34 6 44 35 52 10 France france@arvum.es +34 6 44 35 52 10 Maroc maroc@arvum.es +212 6 61 06 04 81","og_url":"https:\/\/www.arvum-agriculture.com\/en\/contact\/","og_site_name":"ARVUM AGRICULTURE","article_modified_time":"2024-10-24T17:25:36+00:00","twitter_card":"summary_large_image","twitter_misc":{"Est. reading time":"2 minutes"},"schema":{"@context":"https:\/\/schema.org","@graph":[{"@type":"WebPage","@id":"https:\/\/www.arvum-agriculture.com\/en\/contact\/","url":"https:\/\/www.arvum-agriculture.com\/en\/contact\/","name":"ARVUM AGRICULTURE | Where and how to find us ?","isPartOf":{"@id":"https:\/\/www.arvum-agriculture.com\/#website"},"datePublished":"2014-09-01T09:32:02+00:00","dateModified":"2024-10-24T17:25:36+00:00","description":"ARVUM Espagne Calle Juan Carlos I, n\u00b0 129, Albatera, Alicante, 03340 info@arvum.es +34 6 44 35 52 10 France france@arvum.es +34 6 44 35 52 10 Maroc maroc@arvum.es +212 6 61 06 04 81","breadcrumb":{"@id":"https:\/\/www.arvum-agriculture.com\/en\/contact\/#breadcrumb"},"inLanguage":"en-US","potentialAction":[{"@type":"ReadAction","target":["https:\/\/www.arvum-agriculture.com\/en\/contact\/"]}]},{"@type":"BreadcrumbList","@id":"https:\/\/www.arvum-agriculture.com\/en\/contact\/#breadcrumb","itemListElement":[{"@type":"ListItem","position":1,"name":"Accueil","item":"https:\/\/www.arvum-agriculture.com\/en\/"},{"@type":"ListItem","position":2,"name":"CONTACT"}]},{"@type":"WebSite","@id":"https:\/\/www.arvum-agriculture.com\/#website","url":"https:\/\/www.arvum-agriculture.com\/","name":"ARVUM AGRICULTURE","description":"Optimiser l&#039;irrigation | irrigation durable","potentialAction":[{"@type":"SearchAction","target":{"@type":"EntryPoint","urlTemplate":"https:\/\/www.arvum-agriculture.com\/?s={search_term_string}"},"query-input":"required name=search_term_string"}],"inLanguage":"en-US"}]}},"_links":{"self":[{"href":"https:\/\/www.arvum-agriculture.com\/en\/wp-json\/wp\/v2\/pages\/12181"}],"collection":[{"href":"https:\/\/www.arvum-agriculture.com\/en\/wp-json\/wp\/v2\/pages"}],"about":[{"href":"https:\/\/www.arvum-agriculture.com\/en\/wp-json\/wp\/v2\/types\/page"}],"author":[{"embeddable":true,"href":"https:\/\/www.arvum-agriculture.com\/en\/wp-json\/wp\/v2\/users\/1"}],"replies":[{"embeddable":true,"href":"https:\/\/www.arvum-agriculture.com\/en\/wp-json\/wp\/v2\/comments?post=12181"}],"version-history":[{"count":5,"href":"https:\/\/www.arvum-agriculture.com\/en\/wp-json\/wp\/v2\/pages\/12181\/revisions"}],"predecessor-version":[{"id":78993,"href":"https:\/\/www.arvum-agriculture.com\/en\/wp-json\/wp\/v2\/pages\/12181\/revisions\/78993"}],"wp:attachment":[{"href":"https:\/\/www.arvum-agriculture.com\/en\/wp-json\/wp\/v2\/media?parent=12181"}],"curies":[{"name":"wp","href":"https:\/\/api.w.org\/{rel}","templated":true}]}}