{"id":12187,"date":"2017-11-17T18:20:25","date_gmt":"2017-11-17T17:20:25","guid":{"rendered":"http:\/\/www.arvum-agriculture.com\/servicio-aqua\/"},"modified":"2020-04-10T16:52:28","modified_gmt":"2020-04-10T14:52:28","slug":"service-aqua","status":"publish","type":"page","link":"https:\/\/www.arvum-agriculture.com\/en\/service-aqua\/","title":{"rendered":"SERVICE AQUA"},"content":{"rendered":"<section class=\"wpb-content-wrapper\">[vc_row fullwidth=&#8221;true&#8221; css=&#8221;.vc_custom_1513869048696{background-color: #3f3f3f !important;}&#8221;][vc_column][mk_fancy_title tag_name=&#8221;h1&#8243; color=&#8221;#444444&#8243; size=&#8221;33&#8243; margin_top=&#8221;52&#8243; margin_bottom=&#8221;30&#8243; font_family=&#8221;none&#8221; align=&#8221;center&#8221;]<span style=\"color: #ffffff; font-size: 30pt;\">AQUA SERVICE<\/span>[\/mk_fancy_title][\/vc_column][\/vc_row][vc_row][vc_column][mk_padding_divider][\/vc_column][\/vc_row][vc_row][vc_column width=&#8221;1\/2&#8243;][vc_single_image image=&#8221;12019&#8243; img_size=&#8221;full&#8221; alignment=&#8221;center&#8221; style=&#8221;vc_box_shadow&#8221; css_animation=&#8221;slideInLeft&#8221;][\/vc_column][vc_column width=&#8221;1\/2&#8243;][mk_custom_list animation=&#8221;right-to-left&#8221;]\n<ul>\n<li>Savings of up to 30% of water consumption<\/li>\n<li>Detailed real-time monitoring of the water situation in the plant<\/li>\n<li>Monitoring of temperature and electrical conductivity (CE) at the root level<\/li>\n<li>Weekly report by a specialized technician with suggestions and corrections to follow<\/li>\n<li>Agronomic support at all times with a highly qualified and trained staff<\/li>\n<\/ul>\n[\/mk_custom_list][\/vc_column][\/vc_row][vc_row fullwidth=&#8221;true&#8221; fullwidth_content=&#8221;false&#8221; css=&#8221;.vc_custom_1511365419218{background-color: #f56a14 !important;}&#8221;][vc_column][mk_fancy_title color=&#8221;#ffffff&#8221; size=&#8221;32&#8243; letter_spacing=&#8221;2&#8243; margin_top=&#8221;60&#8243; font_family=&#8221;none&#8221; align=&#8221;center&#8221;]Water at the right moment and provide only the necessary water[\/mk_fancy_title][vc_column_text disable_pattern=&#8221;false&#8221; align=&#8221;center&#8221; css=&#8221;.vc_custom_1519488001025{margin-bottom: 0px !important;}&#8221;]<span style=\"color: #ffffff; font-size: 23px;\">By joining the Aqua service, an irrigation consultant, the farmer benefits from the installation of sensors and high technology equipment adaptable to all types of irrigation (drip irrigation, sprinkler irrigation or micro-sprinkler irrigation, etc.). Regular professional follow-up, based on solid experience in different crops, water consumption and water needs of farms. Watering monitoring is directly available in the web interface.<\/span>[\/vc_column_text][mk_padding_divider size=&#8221;50&#8243;][\/vc_column][\/vc_row][vc_row visibility=&#8221;hidden-sm&#8221;][vc_column][mk_padding_divider size=&#8221;50&#8243;][mk_pricing_table table_number=&#8221;3&#8243; order=&#8221;ASC&#8221; tables=&#8221;3661, 3662, 3663&#8243;]\n<ul>\n<li>Study of the root system of the plant, to know the most suitable irrigation system<\/li>\n<li>Continuous visualization of the water status of the plant<\/li>\n<li>Weekly irrigation recommendations<\/li>\n<li>Analytics to know the nutritional status of the plant<\/li>\n<li>Subscriber&#8217;s recommendations, depending on the phenological moment<\/li>\n<li>Seguimiento t\u00e9cnico de la finca con Visitas peri\u00f3dicas a la explotaci\u00f3n<\/li>\n<li>Strategic plan of the farm, plantations, varieties<\/li>\n<li>Farm cost analysis<\/li>\n<li>Economic monitoring of the farm<\/li>\n<\/ul>\n[\/mk_pricing_table][mk_padding_divider][\/vc_column][\/vc_row][vc_row fullwidth=&#8221;true&#8221; css=&#8221;.vc_custom_1518801587037{padding-top: 80px !important;background-color: #eaeaea !important;}&#8221;][vc_column width=&#8221;1\/6&#8243;][mk_circle_image src=&#8221;https:\/\/www.arvum-agriculture.com\/wp-content\/uploads\/2018\/02\/agrumes.jpg&#8221; image_diameter=&#8221;213&#8243;][vc_raw_html el_class=&#8221;titreimgrond&#8221;]Q2l0cnVz[\/vc_raw_html][\/vc_column][vc_column width=&#8221;1\/6&#8243;][mk_circle_image src=&#8221;https:\/\/www.arvum-agriculture.com\/wp-content\/uploads\/2018\/02\/amande1.jpg&#8221; image_diameter=&#8221;213&#8243;][vc_raw_html el_class=&#8221;titreimgrond&#8221;]QWxtb25k[\/vc_raw_html][\/vc_column][vc_column width=&#8221;1\/6&#8243;][mk_circle_image src=&#8221;https:\/\/www.arvum-agriculture.com\/wp-content\/uploads\/2018\/02\/olive.jpg&#8221; image_diameter=&#8221;213&#8243;][vc_raw_html el_class=&#8221;titreimgrond&#8221;]T2xpdmU=[\/vc_raw_html][\/vc_column][vc_column width=&#8221;1\/6&#8243;][mk_circle_image src=&#8221;https:\/\/www.arvum-agriculture.com\/wp-content\/uploads\/2018\/02\/melon.jpg&#8221; image_diameter=&#8221;213&#8243;][vc_raw_html el_class=&#8221;titreimgrond&#8221;]TWVsb24=[\/vc_raw_html][\/vc_column][vc_column width=&#8221;1\/6&#8243;][mk_circle_image src=&#8221;https:\/\/www.arvum-agriculture.com\/wp-content\/uploads\/2018\/02\/tomatoes.jpg&#8221; image_diameter=&#8221;213&#8243;][vc_raw_html el_class=&#8221;titreimgrond&#8221;]VG9tYXRvZXM=[\/vc_raw_html][\/vc_column][vc_column width=&#8221;1\/6&#8243;][\/vc_column][\/vc_row][vc_row fullwidth=&#8221;true&#8221; css=&#8221;.vc_custom_1518801643182{padding-bottom: 40px !important;background-color: #eaeaea !important;}&#8221;][vc_column width=&#8221;1\/6&#8243;][\/vc_column][vc_column width=&#8221;1\/6&#8243;][mk_circle_image src=&#8221;https:\/\/www.arvum-agriculture.com\/wp-content\/uploads\/2018\/02\/pepins.jpg&#8221; image_diameter=&#8221;213&#8243;][vc_raw_html el_class=&#8221;titreimgrond&#8221;]UG9tZSUyMGZydWl0[\/vc_raw_html][\/vc_column][vc_column width=&#8221;1\/6&#8243;][mk_circle_image src=&#8221;https:\/\/www.arvum-agriculture.com\/wp-content\/uploads\/2018\/02\/poivrons.jpg&#8221; image_diameter=&#8221;213&#8243;][vc_raw_html el_class=&#8221;titreimgrond&#8221;]UGVwcGVy[\/vc_raw_html][\/vc_column][vc_column width=&#8221;1\/6&#8243;][mk_circle_image src=&#8221;https:\/\/www.arvum-agriculture.com\/wp-content\/uploads\/2018\/02\/vigne.jpg&#8221; image_diameter=&#8221;213&#8243;][vc_raw_html el_class=&#8221;titreimgrond&#8221;]VmluZQ==[\/vc_raw_html][\/vc_column][vc_column width=&#8221;1\/6&#8243;][mk_circle_image src=&#8221;https:\/\/www.arvum-agriculture.com\/wp-content\/uploads\/2018\/02\/framboise.jpg&#8221; image_diameter=&#8221;213&#8243;][vc_raw_html el_class=&#8221;titreimgrond&#8221;]UmVkJTIwZnJ1aXRz[\/vc_raw_html][\/vc_column][vc_column width=&#8221;1\/6&#8243;][mk_circle_image src=&#8221;https:\/\/www.arvum-agriculture.com\/wp-content\/uploads\/2018\/02\/noyau.jpg&#8221; image_diameter=&#8221;213&#8243;][vc_raw_html el_class=&#8221;titreimgrond&#8221;]U3RvbmUlMjBmcnVpdHM=[\/vc_raw_html][\/vc_column][\/vc_row]\n<\/section>","protected":false},"excerpt":{"rendered":"<p>[vc_row fullwidth=&#8221;true&#8221; css=&#8221;.vc_custom_1513869048696{background-color: #3f3f3f !important;}&#8221;][vc_column][mk_fancy_title tag_name=&#8221;h1&#8243; color=&#8221;#444444&#8243; size=&#8221;33&#8243; margin_top=&#8221;52&#8243; margin_bottom=&#8221;30&#8243; font_family=&#8221;none&#8221; align=&#8221;center&#8221;]AQUA SERVICE[\/mk_fancy_title][\/vc_column][\/vc_row][vc_row][vc_column][mk_padding_divider][\/vc_column][\/vc_row][vc_row][vc_column width=&#8221;1\/2&#8243;][vc_single_image image=&#8221;12019&#8243; img_size=&#8221;full&#8221; alignment=&#8221;center&#8221; style=&#8221;vc_box_shadow&#8221; css_animation=&#8221;slideInLeft&#8221;][\/vc_column][vc_column width=&#8221;1\/2&#8243;][mk_custom_list animation=&#8221;right-to-left&#8221;] Savings of up to 30% of water consumption Detailed real-time monitoring of the water situation in the plant Monitoring of temperature and electrical conductivity (CE) at the root level Weekly report by a specialized [&hellip;]<\/p>\n","protected":false},"author":1,"featured_media":0,"parent":0,"menu_order":8,"comment_status":"closed","ping_status":"closed","template":"","meta":[],"yoast_head":"<!-- This site is optimized with the Yoast SEO plugin v20.7 - https:\/\/yoast.com\/wordpress\/plugins\/seo\/ -->\n<title>ARVUM AGRICULTURE | OUR SERVICES : Aqua service<\/title>\n<meta name=\"description\" content=\"By joining the Aqua service, an irrigation consultant, the farmer benefits from the installation of sensors and high technology equipment adaptable to all types of irrigation. Regular professional follow-up, based on solid experience in different crops, water consumption and water needs of farms.\" \/>\n<meta name=\"robots\" content=\"index, follow, max-snippet:-1, max-image-preview:large, max-video-preview:-1\" \/>\n<link rel=\"canonical\" href=\"https:\/\/www.arvum-agriculture.com\/en\/service-aqua\/\" \/>\n<meta property=\"og:locale\" content=\"en_US\" \/>\n<meta property=\"og:type\" content=\"article\" \/>\n<meta property=\"og:title\" content=\"ARVUM AGRICULTURE | OUR SERVICES : Aqua service\" \/>\n<meta property=\"og:description\" content=\"By joining the Aqua service, an irrigation consultant, the farmer benefits from the installation of sensors and high technology equipment adaptable to all types of irrigation. Regular professional follow-up, based on solid experience in different crops, water consumption and water needs of farms.\" \/>\n<meta property=\"og:url\" content=\"https:\/\/www.arvum-agriculture.com\/en\/service-aqua\/\" \/>\n<meta property=\"og:site_name\" content=\"ARVUM AGRICULTURE\" \/>\n<meta property=\"article:modified_time\" content=\"2020-04-10T14:52:28+00:00\" \/>\n<meta name=\"twitter:card\" content=\"summary_large_image\" \/>\n<meta name=\"twitter:label1\" content=\"Est. reading time\" \/>\n\t<meta name=\"twitter:data1\" content=\"4 minutes\" \/>\n<script type=\"application\/ld+json\" class=\"yoast-schema-graph\">{\"@context\":\"https:\/\/schema.org\",\"@graph\":[{\"@type\":\"WebPage\",\"@id\":\"https:\/\/www.arvum-agriculture.com\/en\/service-aqua\/\",\"url\":\"https:\/\/www.arvum-agriculture.com\/en\/service-aqua\/\",\"name\":\"ARVUM AGRICULTURE | OUR SERVICES : Aqua service\",\"isPartOf\":{\"@id\":\"https:\/\/www.arvum-agriculture.com\/#website\"},\"datePublished\":\"2017-11-17T17:20:25+00:00\",\"dateModified\":\"2020-04-10T14:52:28+00:00\",\"description\":\"By joining the Aqua service, an irrigation consultant, the farmer benefits from the installation of sensors and high technology equipment adaptable to all types of irrigation. Regular professional follow-up, based on solid experience in different crops, water consumption and water needs of farms.\",\"breadcrumb\":{\"@id\":\"https:\/\/www.arvum-agriculture.com\/en\/service-aqua\/#breadcrumb\"},\"inLanguage\":\"en-US\",\"potentialAction\":[{\"@type\":\"ReadAction\",\"target\":[\"https:\/\/www.arvum-agriculture.com\/en\/service-aqua\/\"]}]},{\"@type\":\"BreadcrumbList\",\"@id\":\"https:\/\/www.arvum-agriculture.com\/en\/service-aqua\/#breadcrumb\",\"itemListElement\":[{\"@type\":\"ListItem\",\"position\":1,\"name\":\"Accueil\",\"item\":\"https:\/\/www.arvum-agriculture.com\/en\/\"},{\"@type\":\"ListItem\",\"position\":2,\"name\":\"SERVICE AQUA\"}]},{\"@type\":\"WebSite\",\"@id\":\"https:\/\/www.arvum-agriculture.com\/#website\",\"url\":\"https:\/\/www.arvum-agriculture.com\/\",\"name\":\"ARVUM AGRICULTURE\",\"description\":\"Optimiser l&#039;irrigation | irrigation durable\",\"potentialAction\":[{\"@type\":\"SearchAction\",\"target\":{\"@type\":\"EntryPoint\",\"urlTemplate\":\"https:\/\/www.arvum-agriculture.com\/?s={search_term_string}\"},\"query-input\":\"required name=search_term_string\"}],\"inLanguage\":\"en-US\"}]}<\/script>\n<!-- \/ Yoast SEO plugin. -->","yoast_head_json":{"title":"ARVUM AGRICULTURE | OUR SERVICES : Aqua service","description":"By joining the Aqua service, an irrigation consultant, the farmer benefits from the installation of sensors and high technology equipment adaptable to all types of irrigation. Regular professional follow-up, based on solid experience in different crops, water consumption and water needs of farms.","robots":{"index":"index","follow":"follow","max-snippet":"max-snippet:-1","max-image-preview":"max-image-preview:large","max-video-preview":"max-video-preview:-1"},"canonical":"https:\/\/www.arvum-agriculture.com\/en\/service-aqua\/","og_locale":"en_US","og_type":"article","og_title":"ARVUM AGRICULTURE | OUR SERVICES : Aqua service","og_description":"By joining the Aqua service, an irrigation consultant, the farmer benefits from the installation of sensors and high technology equipment adaptable to all types of irrigation. Regular professional follow-up, based on solid experience in different crops, water consumption and water needs of farms.","og_url":"https:\/\/www.arvum-agriculture.com\/en\/service-aqua\/","og_site_name":"ARVUM AGRICULTURE","article_modified_time":"2020-04-10T14:52:28+00:00","twitter_card":"summary_large_image","twitter_misc":{"Est. reading time":"4 minutes"},"schema":{"@context":"https:\/\/schema.org","@graph":[{"@type":"WebPage","@id":"https:\/\/www.arvum-agriculture.com\/en\/service-aqua\/","url":"https:\/\/www.arvum-agriculture.com\/en\/service-aqua\/","name":"ARVUM AGRICULTURE | OUR SERVICES : Aqua service","isPartOf":{"@id":"https:\/\/www.arvum-agriculture.com\/#website"},"datePublished":"2017-11-17T17:20:25+00:00","dateModified":"2020-04-10T14:52:28+00:00","description":"By joining the Aqua service, an irrigation consultant, the farmer benefits from the installation of sensors and high technology equipment adaptable to all types of irrigation. Regular professional follow-up, based on solid experience in different crops, water consumption and water needs of farms.","breadcrumb":{"@id":"https:\/\/www.arvum-agriculture.com\/en\/service-aqua\/#breadcrumb"},"inLanguage":"en-US","potentialAction":[{"@type":"ReadAction","target":["https:\/\/www.arvum-agriculture.com\/en\/service-aqua\/"]}]},{"@type":"BreadcrumbList","@id":"https:\/\/www.arvum-agriculture.com\/en\/service-aqua\/#breadcrumb","itemListElement":[{"@type":"ListItem","position":1,"name":"Accueil","item":"https:\/\/www.arvum-agriculture.com\/en\/"},{"@type":"ListItem","position":2,"name":"SERVICE AQUA"}]},{"@type":"WebSite","@id":"https:\/\/www.arvum-agriculture.com\/#website","url":"https:\/\/www.arvum-agriculture.com\/","name":"ARVUM AGRICULTURE","description":"Optimiser l&#039;irrigation | irrigation durable","potentialAction":[{"@type":"SearchAction","target":{"@type":"EntryPoint","urlTemplate":"https:\/\/www.arvum-agriculture.com\/?s={search_term_string}"},"query-input":"required name=search_term_string"}],"inLanguage":"en-US"}]}},"_links":{"self":[{"href":"https:\/\/www.arvum-agriculture.com\/en\/wp-json\/wp\/v2\/pages\/12187"}],"collection":[{"href":"https:\/\/www.arvum-agriculture.com\/en\/wp-json\/wp\/v2\/pages"}],"about":[{"href":"https:\/\/www.arvum-agriculture.com\/en\/wp-json\/wp\/v2\/types\/page"}],"author":[{"embeddable":true,"href":"https:\/\/www.arvum-agriculture.com\/en\/wp-json\/wp\/v2\/users\/1"}],"replies":[{"embeddable":true,"href":"https:\/\/www.arvum-agriculture.com\/en\/wp-json\/wp\/v2\/comments?post=12187"}],"version-history":[{"count":0,"href":"https:\/\/www.arvum-agriculture.com\/en\/wp-json\/wp\/v2\/pages\/12187\/revisions"}],"wp:attachment":[{"href":"https:\/\/www.arvum-agriculture.com\/en\/wp-json\/wp\/v2\/media?parent=12187"}],"curies":[{"name":"wp","href":"https:\/\/api.w.org\/{rel}","templated":true}]}}