{"id":11771,"date":"2014-09-01T11:32:02","date_gmt":"2014-09-01T09:32:02","guid":{"rendered":"http:\/\/www.arvum-agriculture.com\/contact\/"},"modified":"2024-10-24T16:45:00","modified_gmt":"2024-10-24T14:45:00","slug":"contacto","status":"publish","type":"page","link":"https:\/\/www.arvum-agriculture.com\/es\/contacto\/","title":{"rendered":"CONTACTO"},"content":{"rendered":"<section class=\"wpb-content-wrapper\">[mk_page_section bg_image=\u00bbhttps:\/\/www.arvum-agriculture.com\/wp-content\/uploads\/2017\/12\/arvum-agriculture-contact.jpg\u00bb attachment=\u00bbfixed\u00bb bg_stretch=\u00bbtrue\u00bb min_height=\u00bb0&#8243; full_height=\u00bbtrue\u00bb sidebar=\u00bbsidebar-1&#8243; first_page=\u00bbfalse\u00bb last_page=\u00bbfalse\u00bb][vc_column][mk_fancy_title color=\u00bb#ffffff\u00bb size=\u00bb35&#8243; font_weight=\u00bbbold\u00bb txt_transform=\u00bbuppercase\u00bb letter_spacing=\u00bb6&#8243; margin_bottom=\u00bb0&#8243; font_family=\u00bbnone\u00bb align=\u00bbcenter\u00bb]ARVUM[\/mk_fancy_title][mk_divider style=\u00bbthin_solid\u00bb divider_width=\u00bbcustom_width\u00bb custom_width=\u00bb30&#8243; thickness=\u00bb3&#8243; margin_top=\u00bb30&#8243; margin_bottom=\u00bb30&#8243;][vc_row_inner][vc_column_inner width=\u00bb1\/2&#8243;][vc_column_text disable_pattern=\u00bbfalse\u00bb align=\u00bbcenter\u00bb margin_bottom=\u00bb60&#8243; css=\u00bb.vc_custom_1729781069068{margin-bottom: 60px !important;}\u00bb]\n<p style=\"text-align: center;\"><span style=\"font-size: 18pt; color: #ffffff;\">ESPA\u00d1A<\/span><br \/>\n<span style=\"color: #ffffff;\">Calle Virgen Pilar, 62, 03110 Mutxamel, Alicante<\/span><br \/>\n<span style=\"color: #ffffff;\">+34644355210<\/span><br \/>\n<span style=\"color: #ffffff;\">lferrer@arvum-agriculture.com<\/span><\/p>\n[\/vc_column_text][\/vc_column_inner][vc_column_inner width=\u00bb1\/2&#8243;][vc_column_text disable_pattern=\u00bbfalse\u00bb align=\u00bbcenter\u00bb margin_bottom=\u00bb60&#8243; css=\u00bb.vc_custom_1729781097417{margin-bottom: 60px !important;}\u00bb]\n<p style=\"text-align: center;\"><span style=\"font-size: 18pt; color: #ffffff;\">MARRUECOS<\/span><br \/>\n<span style=\"color: #ffffff;\">19 Rue de Tanger, Kenitra 14070, Marruecos<\/span><br \/>\n<span style=\"color: #ffffff;\">+212661797944<\/span><br \/>\n<span style=\"color: #ffffff;\">lferrer@arvum-agriculture.com<\/span><\/p>\n[\/vc_column_text][\/vc_column_inner][\/vc_row_inner][vc_row_inner attached=\u00bbtrue\u00bb][vc_column_inner width=\u00bb1\/4&#8243;][\/vc_column_inner][vc_column_inner width=\u00bb1\/4&#8243;][mk_button dimension=\u00bboutline\u00bb corner_style=\u00bbrounded\u00bb size=\u00bblarge\u00bb url=\u00bb#map\u00bb align=\u00bbright\u00bb outline_skin=\u00bblight\u00bb]PLAN[\/mk_button][\/vc_column_inner][vc_column_inner width=\u00bb1\/4&#8243;][mk_button dimension=\u00bboutline\u00bb corner_style=\u00bbrounded\u00bb size=\u00bblarge\u00bb url=\u00bb#msg\u00bb outline_skin=\u00bblight\u00bb]CONTACTO[\/mk_button][\/vc_column_inner][vc_column_inner width=\u00bb1\/4&#8243;][\/vc_column_inner][\/vc_row_inner][\/vc_column][\/mk_page_section][mk_page_section min_height=\u00bb0&#8243; full_height=\u00bbtrue\u00bb padding_top=\u00bb60&#8243; padding_bottom=\u00bb60&#8243; section_id=\u00bbmsg\u00bb sidebar=\u00bbsidebar-1&#8243; first_page=\u00bbfalse\u00bb last_page=\u00bbfalse\u00bb][vc_column][mk_fancy_title color=\u00bb#444444&#8243; size=\u00bb20&#8243; font_weight=\u00bbbold\u00bb txt_transform=\u00bbuppercase\u00bb letter_spacing=\u00bb2&#8243; margin_bottom=\u00bb0&#8243; font_family=\u00bbnone\u00bb align=\u00bbcenter\u00bb]CONTACTO[\/mk_fancy_title][mk_divider style=\u00bbthin_solid\u00bb divider_width=\u00bbcustom_width\u00bb custom_width=\u00bb30&#8243; thin_single_color=\u00bb#f56a14&#8243; thickness=\u00bb3&#8243; margin_top=\u00bb30&#8243; margin_bottom=\u00bb30&#8243;][vc_row_inner][vc_column_inner width=\u00bb1\/4&#8243;][\/vc_column_inner][vc_column_inner width=\u00bb1\/2&#8243;][vc_column_text disable_pattern=\u00bbfalse\u00bb align=\u00bbcenter\u00bb margin_bottom=\u00bb60&#8243; css=\u00bb.vc_custom_1513875662025{margin-bottom: 60px !important;}\u00bb][\/vc_column_text][\/vc_column_inner][vc_column_inner width=\u00bb1\/4&#8243;][\/vc_column_inner][\/vc_row_inner][vc_row_inner][vc_column_inner width=\u00bb1\/6&#8243;][\/vc_column_inner][vc_column_inner width=\u00bb2\/3&#8243;][mk_contact_form button_text=\u00bbENVIAR\u00bb email=\u00bblferrer@arvum-agriculture.com\u00bb captcha=\u00bbfalse\u00bb][\/vc_column_inner][vc_column_inner width=\u00bb1\/6&#8243;][\/vc_column_inner][\/vc_row_inner][\/vc_column][\/mk_page_section][vc_row fullwidth=\u00bbtrue\u00bb padding=\u00bb0&#8243; id=\u00bbmap\u00bb][vc_column css=\u00bb.vc_custom_1519059328157{margin-bottom: 0px !important;padding-bottom: 0px !important;}\u00bb][vc_raw_html css=\u00bb.vc_custom_1519059397194{margin-bottom: 0px !important;padding-bottom: 0px !important;}\u00bb]JTNDaWZyYW1lJTIwc3JjJTNEJTIyaHR0cHMlM0ElMkYlMkZ3d3cuZ29vZ2xlLmNvbSUyRm1hcHMlMkZlbWJlZCUzRnBiJTNEJTIxMW0xOCUyMTFtMTIlMjExbTMlMjExZDMxMzYuMTcwODA4MjAzNDg1NiUyMTJkLTAuODcxNjY0NDQ4OTg1MzI4NiUyMTNkMzguMTgyNzA2Mjk2MjU3NDUlMjEybTMlMjExZjAlMjEyZjAlMjEzZjAlMjEzbTIlMjExaTEwMjQlMjEyaTc2OCUyMTRmMTMuMSUyMTNtMyUyMTFtMiUyMTFzMHhkNjNiZDAxOThmZWU1NjElMjUzQTB4OTg2MmRhYWU3NDQzYzY5ZSUyMTJzQ2FsbGUlMkJKdWFuJTJCQ2FybG9zJTJCSSUyNTJDJTJCMTI5JTI1MkMlMkIwMzM0MCUyQkFsYmF0ZXJhJTI1MkMlMkJBbGljYW50ZSUyNTJDJTJCRXNwYWduZSUyMTVlMCUyMTNtMiUyMTFzZnIlMjEycyUyMTR2MTUxOTA1ODk1MDIxMiUyMiUyMHdpZHRoJTNEJTIyMTAwJTI1JTIyJTIwaGVpZ2h0JTNEJTIyNTAwJTIyJTIwZnJhbWVib3JkZXIlM0QlMjIwJTIyJTIwc3R5bGUlM0QlMjJib3JkZXIlM0EwJTIyJTIwYWxsb3dmdWxsc2NyZWVuJTNFJTNDJTJGaWZyYW1lJTNF[\/vc_raw_html][\/vc_column][\/vc_row][vc_row][vc_column][vc_column_text]\n[\/vc_column_text][\/vc_column][\/vc_row][vc_row fullwidth=\u00bbtrue\u00bb fullwidth_content=\u00bbfalse\u00bb css=\u00bb.vc_custom_1518802630777{border-top-width: 5px !important;border-top-color: #f56a14 !important;border-top-style: solid !important;border-radius: 5px !important;}\u00bb][vc_column][mk_padding_divider size=\u00bb45&#8243;][vc_row_inner][vc_column_inner width=\u00bb1\/2&#8243;][mk_image src=\u00bbhttps:\/\/www.arvum-agriculture.com\/wp-content\/uploads\/2018\/02\/una-manera-de-hacer-europa.jpg\u00bb image_size=\u00bbfull\u00bb frame_style=\u00bbshadow_only\u00bb align=\u00bbcenter\u00bb][\/vc_column_inner][vc_column_inner width=\u00bb1\/2&#8243;][mk_padding_divider][vc_column_text css=\u00bb.vc_custom_1518609600118{margin-bottom: 0px !important;}\u00bb]\n<p style=\"text-align: justify;\"><span style=\"font-size: 14pt;\"><strong>Apoyo financiero de IVACE a trav\u00e9s del Programa Digitaliza CV<\/strong><\/span><\/p>\n<p style=\"text-align: justify;\">El objetivo del proyecto es la creaci\u00f3n de una plataforma web interactiva, a trav\u00e9s de la cual se cree un sistema \u00fatil para la toma de decisiones\u00a0 para ayudar a los agricultores y organizaciones a analizar datos e informaci\u00f3n sobre sus cultivos.<\/p>\n[\/vc_column_text][\/vc_column_inner][\/vc_row_inner][mk_padding_divider][\/vc_column][\/vc_row]\n<\/section>","protected":false},"excerpt":{"rendered":"<p>[mk_page_section bg_image=\u00bbhttps:\/\/www.arvum-agriculture.com\/wp-content\/uploads\/2017\/12\/arvum-agriculture-contact.jpg\u00bb attachment=\u00bbfixed\u00bb bg_stretch=\u00bbtrue\u00bb min_height=\u00bb0&#8243; full_height=\u00bbtrue\u00bb sidebar=\u00bbsidebar-1&#8243; first_page=\u00bbfalse\u00bb last_page=\u00bbfalse\u00bb][vc_column][mk_fancy_title color=\u00bb#ffffff\u00bb size=\u00bb35&#8243; font_weight=\u00bbbold\u00bb txt_transform=\u00bbuppercase\u00bb letter_spacing=\u00bb6&#8243; margin_bottom=\u00bb0&#8243; font_family=\u00bbnone\u00bb align=\u00bbcenter\u00bb]ARVUM[\/mk_fancy_title][mk_divider style=\u00bbthin_solid\u00bb divider_width=\u00bbcustom_width\u00bb custom_width=\u00bb30&#8243; thickness=\u00bb3&#8243; margin_top=\u00bb30&#8243; margin_bottom=\u00bb30&#8243;][vc_row_inner][vc_column_inner width=\u00bb1\/2&#8243;][vc_column_text disable_pattern=\u00bbfalse\u00bb align=\u00bbcenter\u00bb margin_bottom=\u00bb60&#8243; css=\u00bb.vc_custom_1729781069068{margin-bottom: 60px !important;}\u00bb] ESPA\u00d1A Calle Virgen Pilar, 62, 03110 Mutxamel, Alicante +34644355210 lferrer@arvum-agriculture.com [\/vc_column_text][\/vc_column_inner][vc_column_inner width=\u00bb1\/2&#8243;][vc_column_text disable_pattern=\u00bbfalse\u00bb align=\u00bbcenter\u00bb margin_bottom=\u00bb60&#8243; css=\u00bb.vc_custom_1729781097417{margin-bottom: 60px !important;}\u00bb] MARRUECOS 19 Rue de Tanger, Kenitra 14070, [&hellip;]<\/p>\n","protected":false},"author":1,"featured_media":0,"parent":0,"menu_order":0,"comment_status":"closed","ping_status":"closed","template":"","meta":[],"yoast_head":"<!-- This site is optimized with the Yoast SEO plugin v20.7 - https:\/\/yoast.com\/wordpress\/plugins\/seo\/ -->\n<title>CONTACTO - ARVUM AGRICULTURE<\/title>\n<meta name=\"robots\" content=\"index, follow, max-snippet:-1, max-image-preview:large, max-video-preview:-1\" \/>\n<link rel=\"canonical\" href=\"https:\/\/www.arvum-agriculture.com\/es\/contacto\/\" \/>\n<meta property=\"og:locale\" content=\"es_ES\" \/>\n<meta property=\"og:type\" content=\"article\" \/>\n<meta property=\"og:title\" content=\"CONTACTO - ARVUM AGRICULTURE\" \/>\n<meta property=\"og:description\" content=\"[mk_page_section bg_image=\u00bbhttps:\/\/www.arvum-agriculture.com\/wp-content\/uploads\/2017\/12\/arvum-agriculture-contact.jpg\u00bb attachment=\u00bbfixed\u00bb bg_stretch=\u00bbtrue\u00bb min_height=\u00bb0&#8243; full_height=\u00bbtrue\u00bb sidebar=\u00bbsidebar-1&#8243; first_page=\u00bbfalse\u00bb last_page=\u00bbfalse\u00bb][vc_column][mk_fancy_title color=\u00bb#ffffff\u00bb size=\u00bb35&#8243; font_weight=\u00bbbold\u00bb txt_transform=\u00bbuppercase\u00bb letter_spacing=\u00bb6&#8243; margin_bottom=\u00bb0&#8243; font_family=\u00bbnone\u00bb align=\u00bbcenter\u00bb]ARVUM[\/mk_fancy_title][mk_divider style=\u00bbthin_solid\u00bb divider_width=\u00bbcustom_width\u00bb custom_width=\u00bb30&#8243; thickness=\u00bb3&#8243; margin_top=\u00bb30&#8243; margin_bottom=\u00bb30&#8243;][vc_row_inner][vc_column_inner width=\u00bb1\/2&#8243;][vc_column_text disable_pattern=\u00bbfalse\u00bb align=\u00bbcenter\u00bb margin_bottom=\u00bb60&#8243; css=\u00bb.vc_custom_1729781069068{margin-bottom: 60px !important;}\u00bb] ESPA\u00d1A Calle Virgen Pilar, 62, 03110 Mutxamel, Alicante +34644355210 lferrer@arvum-agriculture.com [\/vc_column_text][\/vc_column_inner][vc_column_inner width=\u00bb1\/2&#8243;][vc_column_text disable_pattern=\u00bbfalse\u00bb align=\u00bbcenter\u00bb margin_bottom=\u00bb60&#8243; css=\u00bb.vc_custom_1729781097417{margin-bottom: 60px !important;}\u00bb] MARRUECOS 19 Rue de Tanger, Kenitra 14070, [&hellip;]\" \/>\n<meta property=\"og:url\" content=\"https:\/\/www.arvum-agriculture.com\/es\/contacto\/\" \/>\n<meta property=\"og:site_name\" content=\"ARVUM AGRICULTURE\" \/>\n<meta property=\"article:modified_time\" content=\"2024-10-24T14:45:00+00:00\" \/>\n<meta name=\"twitter:card\" content=\"summary_large_image\" \/>\n<meta name=\"twitter:label1\" content=\"Tiempo de lectura\" \/>\n\t<meta name=\"twitter:data1\" content=\"2 minutos\" \/>\n<script type=\"application\/ld+json\" class=\"yoast-schema-graph\">{\"@context\":\"https:\/\/schema.org\",\"@graph\":[{\"@type\":\"WebPage\",\"@id\":\"https:\/\/www.arvum-agriculture.com\/es\/contacto\/\",\"url\":\"https:\/\/www.arvum-agriculture.com\/es\/contacto\/\",\"name\":\"CONTACTO - ARVUM AGRICULTURE\",\"isPartOf\":{\"@id\":\"https:\/\/www.arvum-agriculture.com\/#website\"},\"datePublished\":\"2014-09-01T09:32:02+00:00\",\"dateModified\":\"2024-10-24T14:45:00+00:00\",\"breadcrumb\":{\"@id\":\"https:\/\/www.arvum-agriculture.com\/es\/contacto\/#breadcrumb\"},\"inLanguage\":\"es\",\"potentialAction\":[{\"@type\":\"ReadAction\",\"target\":[\"https:\/\/www.arvum-agriculture.com\/es\/contacto\/\"]}]},{\"@type\":\"BreadcrumbList\",\"@id\":\"https:\/\/www.arvum-agriculture.com\/es\/contacto\/#breadcrumb\",\"itemListElement\":[{\"@type\":\"ListItem\",\"position\":1,\"name\":\"Accueil\",\"item\":\"https:\/\/www.arvum-agriculture.com\/es\/\"},{\"@type\":\"ListItem\",\"position\":2,\"name\":\"CONTACTO\"}]},{\"@type\":\"WebSite\",\"@id\":\"https:\/\/www.arvum-agriculture.com\/#website\",\"url\":\"https:\/\/www.arvum-agriculture.com\/\",\"name\":\"ARVUM AGRICULTURE\",\"description\":\"Optimiser l&#039;irrigation | irrigation durable\",\"potentialAction\":[{\"@type\":\"SearchAction\",\"target\":{\"@type\":\"EntryPoint\",\"urlTemplate\":\"https:\/\/www.arvum-agriculture.com\/?s={search_term_string}\"},\"query-input\":\"required name=search_term_string\"}],\"inLanguage\":\"es\"}]}<\/script>\n<!-- \/ Yoast SEO plugin. -->","yoast_head_json":{"title":"CONTACTO - ARVUM AGRICULTURE","robots":{"index":"index","follow":"follow","max-snippet":"max-snippet:-1","max-image-preview":"max-image-preview:large","max-video-preview":"max-video-preview:-1"},"canonical":"https:\/\/www.arvum-agriculture.com\/es\/contacto\/","og_locale":"es_ES","og_type":"article","og_title":"CONTACTO - ARVUM AGRICULTURE","og_description":"[mk_page_section bg_image=\u00bbhttps:\/\/www.arvum-agriculture.com\/wp-content\/uploads\/2017\/12\/arvum-agriculture-contact.jpg\u00bb attachment=\u00bbfixed\u00bb bg_stretch=\u00bbtrue\u00bb min_height=\u00bb0&#8243; full_height=\u00bbtrue\u00bb sidebar=\u00bbsidebar-1&#8243; first_page=\u00bbfalse\u00bb last_page=\u00bbfalse\u00bb][vc_column][mk_fancy_title color=\u00bb#ffffff\u00bb size=\u00bb35&#8243; font_weight=\u00bbbold\u00bb txt_transform=\u00bbuppercase\u00bb letter_spacing=\u00bb6&#8243; margin_bottom=\u00bb0&#8243; font_family=\u00bbnone\u00bb align=\u00bbcenter\u00bb]ARVUM[\/mk_fancy_title][mk_divider style=\u00bbthin_solid\u00bb divider_width=\u00bbcustom_width\u00bb custom_width=\u00bb30&#8243; thickness=\u00bb3&#8243; margin_top=\u00bb30&#8243; margin_bottom=\u00bb30&#8243;][vc_row_inner][vc_column_inner width=\u00bb1\/2&#8243;][vc_column_text disable_pattern=\u00bbfalse\u00bb align=\u00bbcenter\u00bb margin_bottom=\u00bb60&#8243; css=\u00bb.vc_custom_1729781069068{margin-bottom: 60px !important;}\u00bb] ESPA\u00d1A Calle Virgen Pilar, 62, 03110 Mutxamel, Alicante +34644355210 lferrer@arvum-agriculture.com [\/vc_column_text][\/vc_column_inner][vc_column_inner width=\u00bb1\/2&#8243;][vc_column_text disable_pattern=\u00bbfalse\u00bb align=\u00bbcenter\u00bb margin_bottom=\u00bb60&#8243; css=\u00bb.vc_custom_1729781097417{margin-bottom: 60px !important;}\u00bb] MARRUECOS 19 Rue de Tanger, Kenitra 14070, [&hellip;]","og_url":"https:\/\/www.arvum-agriculture.com\/es\/contacto\/","og_site_name":"ARVUM AGRICULTURE","article_modified_time":"2024-10-24T14:45:00+00:00","twitter_card":"summary_large_image","twitter_misc":{"Tiempo de lectura":"2 minutos"},"schema":{"@context":"https:\/\/schema.org","@graph":[{"@type":"WebPage","@id":"https:\/\/www.arvum-agriculture.com\/es\/contacto\/","url":"https:\/\/www.arvum-agriculture.com\/es\/contacto\/","name":"CONTACTO - ARVUM AGRICULTURE","isPartOf":{"@id":"https:\/\/www.arvum-agriculture.com\/#website"},"datePublished":"2014-09-01T09:32:02+00:00","dateModified":"2024-10-24T14:45:00+00:00","breadcrumb":{"@id":"https:\/\/www.arvum-agriculture.com\/es\/contacto\/#breadcrumb"},"inLanguage":"es","potentialAction":[{"@type":"ReadAction","target":["https:\/\/www.arvum-agriculture.com\/es\/contacto\/"]}]},{"@type":"BreadcrumbList","@id":"https:\/\/www.arvum-agriculture.com\/es\/contacto\/#breadcrumb","itemListElement":[{"@type":"ListItem","position":1,"name":"Accueil","item":"https:\/\/www.arvum-agriculture.com\/es\/"},{"@type":"ListItem","position":2,"name":"CONTACTO"}]},{"@type":"WebSite","@id":"https:\/\/www.arvum-agriculture.com\/#website","url":"https:\/\/www.arvum-agriculture.com\/","name":"ARVUM AGRICULTURE","description":"Optimiser l&#039;irrigation | irrigation durable","potentialAction":[{"@type":"SearchAction","target":{"@type":"EntryPoint","urlTemplate":"https:\/\/www.arvum-agriculture.com\/?s={search_term_string}"},"query-input":"required name=search_term_string"}],"inLanguage":"es"}]}},"_links":{"self":[{"href":"https:\/\/www.arvum-agriculture.com\/es\/wp-json\/wp\/v2\/pages\/11771"}],"collection":[{"href":"https:\/\/www.arvum-agriculture.com\/es\/wp-json\/wp\/v2\/pages"}],"about":[{"href":"https:\/\/www.arvum-agriculture.com\/es\/wp-json\/wp\/v2\/types\/page"}],"author":[{"embeddable":true,"href":"https:\/\/www.arvum-agriculture.com\/es\/wp-json\/wp\/v2\/users\/1"}],"replies":[{"embeddable":true,"href":"https:\/\/www.arvum-agriculture.com\/es\/wp-json\/wp\/v2\/comments?post=11771"}],"version-history":[{"count":3,"href":"https:\/\/www.arvum-agriculture.com\/es\/wp-json\/wp\/v2\/pages\/11771\/revisions"}],"predecessor-version":[{"id":78989,"href":"https:\/\/www.arvum-agriculture.com\/es\/wp-json\/wp\/v2\/pages\/11771\/revisions\/78989"}],"wp:attachment":[{"href":"https:\/\/www.arvum-agriculture.com\/es\/wp-json\/wp\/v2\/media?parent=11771"}],"curies":[{"name":"wp","href":"https:\/\/api.w.org\/{rel}","templated":true}]}}