{"id":11772,"date":"2015-12-12T13:33:05","date_gmt":"2015-12-12T12:33:05","guid":{"rendered":"http:\/\/www.arvum-agriculture.com\/accueil\/"},"modified":"2020-04-10T16:58:05","modified_gmt":"2020-04-10T14:58:05","slug":"inicio","status":"publish","type":"page","link":"https:\/\/www.arvum-agriculture.com\/es\/","title":{"rendered":"INICIO"},"content":{"rendered":"<section class=\"wpb-content-wrapper\">[vc_row fullwidth=\u00bbtrue\u00bb][vc_column][mk_edge_slider swiper_bg=\u00bb#ffffff\u00bb order=\u00bbASC\u00bb orderby=\u00bbtitle\u00bb full_height=\u00bbfalse\u00bb height=\u00bb100&#8243; animation_effect=\u00bbfade\u00bb animation_speed=\u00bb300&#8243; slideshow_speed=\u00bb5000&#8243; direction_nav=\u00bbnone\u00bb pagination=\u00bbnone\u00bb skip_arrow=\u00bbfalse\u00bb slides=\u00bb11944, 11943&#8243;][mk_edge_slider swiper_bg=\u00bb#ffffff\u00bb order=\u00bbASC\u00bb orderby=\u00bbpost__in\u00bb full_height=\u00bbfalse\u00bb visibility=\u00bbhidden-sm\u00bb slides=\u00bb11933, 11931, 11932&#8243;][mk_edge_slider swiper_bg=\u00bb#ffffff\u00bb order=\u00bbASC\u00bb orderby=\u00bbpost__in\u00bb full_height=\u00bbfalse\u00bb height=\u00bb200&#8243; visibility=\u00bbvisible-sm\u00bb slides=\u00bb11933, 11931, 11932&#8243;][\/vc_column][\/vc_row][vc_row fullwidth=\u00bbtrue\u00bb fullwidth_content=\u00bbfalse\u00bb][vc_column][mk_padding_divider][mk_ornamental_title tag_name=\u00bbh1&#8243; font_family=\u00bbnone\u00bb font_size=\u00bb42&#8243; ornament_style=\u00bbnorman-single\u00bb ornament_color=\u00bb#777777&#8243; margin_bottom=\u00bb0&#8243;]optimizar el riego?[\/mk_ornamental_title][mk_fancy_title tag_name=\u00bbspan\u00bb color=\u00bb#444444&#8243; size=\u00bb42&#8243; margin_bottom=\u00bb0&#8243; font_family=\u00bbnone\u00bb align=\u00bbcenter\u00bb]\u00bfPorque[\/mk_fancy_title][vc_row_inner is_fullwidth_content=\u00bbfalse\u00bb][vc_column_inner width=\u00bb1\/2&#8243;][mk_custom_list]\n<ul>\n<li><span style=\"font-size: 18pt;\">La escasez de agua es cada vez mayor, en muchos r\u00edos grandes, solo el 5 por ciento de los antiguos vol\u00famenes de agua permanecen en los caudales. <\/span><\/li>\n<li><span style=\"font-size: 18pt;\">Los grandes lagos y mares interiores se han reducido, y la mitad de los humedales de Europa y Am\u00e9rica del norte ya no existen.<\/span><\/li>\n<li><span style=\"font-size: 18pt;\">El agua subterr\u00e1nea est\u00e1 siendo bombeada de forma intensiva y los acu\u00edferos se est\u00e1n contaminando y salinizando cada vez m\u00e1s en algunas zonas costeras.<\/span><\/li>\n<\/ul>\n[\/mk_custom_list][\/vc_column_inner][vc_column_inner width=\u00bb1\/2&#8243;][mk_custom_list]\n<ul>\n<li><span style=\"font-size: 18pt;\">La tierra de regad\u00edo de los pa\u00edses en desarrollo aumentar\u00e1 un 27 por ciento entre 1996 y 2030, pero la cantidad de agua utilizada para la agricultura crecer\u00e1 s\u00f3lo un 12 por ciento. <\/span><\/li>\n<li><span style=\"font-size: 18pt;\">La mejora en la utilizaci\u00f3n del agua tanto en la agricultura de secano como en la de regad\u00edo ser\u00e1 fundamental para afrontar las situaciones previstas de escasez de agua. <\/span><\/li>\n<li><span style=\"font-size: 18pt;\">Si los pa\u00edses no adoptan medidas para mejorar la gesti\u00f3n de los recursos h\u00eddricos, algunas regiones densamente pobladas podr\u00edan verse afectadas por largos per\u00edodos de crecimiento econ\u00f3mico negativo. <\/span><\/li>\n<\/ul>\n[\/mk_custom_list][\/vc_column_inner][\/vc_row_inner][mk_padding_divider size=\u00bb10&#8243;][vc_raw_html]JTNDcCUzRSUzQ2ElMjBzdHlsZSUzRCUyMmZsb2F0JTNBJTIwcmlnaHQlM0IlMEElMjAlMjAlMjAlMjBtYXJnaW4tcmlnaHQlM0ElMjA1MHB4JTNCJTBBJTIwJTIwJTIwJTIwZm9udC1zaXplJTNBJTIwMjRweCUzQiUyMiUyMGhyZWYlM0QlMjIlMkZlcyUyRmEtcHJvcG9zaXRvJTJGJTIyJTNFTGVlciUyMG0lQzMlQTFzJTNDJTJGYSUzRSUzQyUyRnAlM0U=[\/vc_raw_html][mk_padding_divider][\/vc_column][\/vc_row][vc_row fullwidth=\u00bbtrue\u00bb css=\u00bb.vc_custom_1519820263283{padding-right: 20px !important;padding-left: 20px !important;background-color: #333333 !important;}\u00bb][vc_column][mk_padding_divider][mk_fancy_title color=\u00bb#ffffff\u00bb size=\u00bb42&#8243; font_family=\u00bbnone\u00bb align=\u00bbcenter\u00bb]Competencias[\/mk_fancy_title][vc_row_inner][vc_column_inner width=\u00bb1\/6&#8243;][\/vc_column_inner][vc_column_inner width=\u00bb2\/3&#8243;][vc_column_text disable_pattern=\u00bbfalse\u00bb css=\u00bb.vc_custom_1519046263495{margin-bottom: 0px !important;}\u00bb]\n<p style=\"text-align: center;\"><span style=\"color: #ffffff; font-size: 18pt;\">Nuestra empresa cuenta con un equipo de ingenieros altamente calificados con una experiencia internacional de m\u00e1s de 10 a\u00f1os. Hemos forjado una gran experiencia y somos capaces de proporcionar asesoramiento t\u00e9cnico para todo tipo de cultivos.<\/span><\/p>\n[\/vc_column_text][\/vc_column_inner][vc_column_inner width=\u00bb1\/6&#8243;][\/vc_column_inner][\/vc_row_inner][mk_padding_divider][mk_imagebox show_as=\u00bbcolumn\u00bb][mk_imagebox_item item_image=\u00bbhttps:\/\/www.arvum-agriculture.com\/wp-content\/uploads\/2018\/02\/optimise-lirrigation.jpg\u00bb background_color=\u00bb#ffffff\u00bb item_title=\u00bbOPTIMIZACI\u00d3N DEL RIEGO\u00bb title_text_size=\u00bb18&#8243; title_color=\u00bb#1e1e1e\u00bb text_color=\u00bb#444444&#8243; btn_text=\u00bbVER +\u00bb btn_url=\u00bb\/es\/competencias\/\u00bb btn_background_color=\u00bb#f56a14&#8243; btn_text_color=\u00bb#ffffff\u00bb][\/mk_imagebox_item][mk_imagebox_item item_image=\u00bbhttps:\/\/www.arvum-agriculture.com\/wp-content\/uploads\/2018\/02\/optimise-engrais.jpg\u00bb background_color=\u00bb#ffffff\u00bb item_title=\u00bbOPTIMIZACI\u00d3N DE FERTILIZANTES\u00bb title_text_size=\u00bb18&#8243; title_color=\u00bb#444444&#8243; text_color=\u00bb#1e1e1e\u00bb btn_text=\u00bbVER +\u00bb btn_url=\u00bb\/es\/competencias\/\u00bb btn_background_color=\u00bb#f56a14&#8243; btn_text_color=\u00bb#ffffff\u00bb][\/mk_imagebox_item][mk_imagebox_item item_image=\u00bbhttps:\/\/www.arvum-agriculture.com\/wp-content\/uploads\/2018\/02\/expertise-augmente-les-rendements.jpg\u00bb background_color=\u00bb#ffffff\u00bb item_title=\u00bbAUMENTO DE RENDIMIENTO\u00bb title_text_size=\u00bb18&#8243; title_color=\u00bb#1e1e1e\u00bb text_color=\u00bb#444444&#8243; btn_text=\u00bbVER +\u00bb btn_url=\u00bb\/es\/competencias\/\u00bb btn_background_color=\u00bb#f56a14&#8243; btn_text_color=\u00bb#ffffff\u00bb][\/mk_imagebox_item][\/mk_imagebox][mk_padding_divider][\/vc_column][\/vc_row][vc_row fullwidth=\u00bbtrue\u00bb fullwidth_content=\u00bbfalse\u00bb css=\u00bb.vc_custom_1510930348912{background-color: #ffffff !important;}\u00bb][vc_column][mk_padding_divider][mk_fancy_title color=\u00bb#444444&#8243; size=\u00bb42&#8243; font_family=\u00bbnone\u00bb align=\u00bbcenter\u00bb]Servicios[\/mk_fancy_title][vc_row_inner][vc_column_inner width=\u00bb1\/6&#8243;][\/vc_column_inner][vc_column_inner width=\u00bb2\/3&#8243;][vc_column_text disable_pattern=\u00bbfalse\u00bb css=\u00bb.vc_custom_1519046719693{margin-bottom: 0px !important;}\u00bb]\n<p style=\"text-align: center;\"><span style=\"font-size: 18pt;\">Nuestros servicios combinan: visitas de campo regulares, soporte efectivo en tecnolog\u00eda y resultados de laboratorio acreditados. Reducimos hasta el 30% de agua y fertilizantes. Para lograr esto, ofrecemos 3 servicios, desde asesoramiento en riegos online o presencial hasta la gesti\u00f3n completa de su finca.<\/span><\/p>\n[\/vc_column_text][\/vc_column_inner][vc_column_inner width=\u00bb1\/6&#8243;][\/vc_column_inner][\/vc_row_inner][mk_padding_divider][vc_row_inner][vc_column_inner width=\u00bb1\/3&#8243;][mk_icon_box icon=\u00bbmk-li-drop\u00bb title=\u00bbSERVICIO AQUA\u00bb text_size=\u00bb25&#8243; style=\u00bbboxed\u00bb icon_location=\u00bbtop\u00bb icon_color=\u00bb#ffffff\u00bb icon_circle_color=\u00bb#f56a14&#8243; title_color=\u00bb#ffffff\u00bb txt_color=\u00bb#ffffff\u00bb margin=\u00bb0&#8243; animation=\u00bbleft-to-right\u00bb]<span style=\"font-size: 16pt;\">Riegue en el momento preciso y aporte solamente el agua necesaria<\/span>[\/mk_icon_box][mk_button dimension=\u00bbflat\u00bb size=\u00bblarge\u00bb letter_spacing=\u00bb2&#8243; url=\u00bb\/es\/servicio-aqua\/\u00bb align=\u00bbcenter\u00bb fullwidth=\u00bbtrue\u00bb margin_bottom=\u00bb0&#8243; margin_right=\u00bb0&#8243; animation=\u00bbleft-to-right\u00bb]Ver m\u00e1s[\/mk_button][\/vc_column_inner][vc_column_inner width=\u00bb1\/3&#8243;][mk_icon_box icon=\u00bbmk-li-config\u00bb title=\u00bbSERVICIO SPA\u00bb text_size=\u00bb25&#8243; style=\u00bbboxed\u00bb icon_location=\u00bbtop\u00bb icon_color=\u00bb#ffffff\u00bb icon_circle_color=\u00bb#f56a14&#8243; title_color=\u00bb#ffffff\u00bb txt_color=\u00bb#ffffff\u00bb margin=\u00bb0&#8243; animation=\u00bbfade-in\u00bb]<span style=\"font-size: 16pt;\">El riego y la fertilizaci\u00f3n, elementos clave para la gesti\u00f3n de una explotaci\u00f3n agr\u00edcola<\/span>[\/mk_icon_box][mk_button dimension=\u00bbflat\u00bb size=\u00bblarge\u00bb letter_spacing=\u00bb2&#8243; url=\u00bb\/es\/servicio-spa\/\u00bb align=\u00bbcenter\u00bb fullwidth=\u00bbtrue\u00bb margin_bottom=\u00bb0&#8243; margin_right=\u00bb0&#8243; animation=\u00bbfade-in\u00bb]Ver m\u00e1s[\/mk_button][\/vc_column_inner][vc_column_inner width=\u00bb1\/3&#8243;][mk_icon_box icon=\u00bbmk-li-like\u00bb title=\u00bbCONTROL TOTAL\u00bb text_size=\u00bb25&#8243; style=\u00bbboxed\u00bb icon_location=\u00bbtop\u00bb icon_color=\u00bb#ffffff\u00bb icon_circle_color=\u00bb#f56a14&#8243; title_color=\u00bb#ffffff\u00bb txt_color=\u00bb#ffffff\u00bb margin=\u00bb0&#8243; animation=\u00bbright-to-left\u00bb]<span style=\"font-size: 16pt;\">Su explotaci\u00f3n agr\u00edcola en manos de un experto<\/span>[\/mk_icon_box][mk_button dimension=\u00bbflat\u00bb size=\u00bblarge\u00bb letter_spacing=\u00bb2&#8243; url=\u00bb\/es\/control-total\/\u00bb align=\u00bbcenter\u00bb fullwidth=\u00bbtrue\u00bb margin_bottom=\u00bb0&#8243; margin_right=\u00bb0&#8243; animation=\u00bbright-to-left\u00bb]Ver m\u00e1s[\/mk_button][\/vc_column_inner][\/vc_row_inner][mk_padding_divider size=\u00bb60&#8243;][\/vc_column][\/vc_row][vc_row fullwidth=\u00bbtrue\u00bb css=\u00bb.vc_custom_1513780257660{background-color: #eaeaea !important;}\u00bb][vc_column][mk_padding_divider][mk_fancy_title color=\u00bb#444444&#8243; size=\u00bb42&#8243; font_family=\u00bbnone\u00bb align=\u00bbcenter\u00bb]Equipos[\/mk_fancy_title][vc_row_inner][vc_column_inner width=\u00bb1\/6&#8243;][\/vc_column_inner][vc_column_inner width=\u00bb2\/3&#8243;][vc_column_text disable_pattern=\u00bbfalse\u00bb css=\u00bb.vc_custom_1519047030438{margin-bottom: 0px !important;}\u00bb]\n<p style=\"text-align: center;\"><span style=\"font-size: 18pt;\">Arvum ofrece a sus clientes la posibilidad de adquirir e instalar Estaciones Meteorol\u00f3gicas y Puntos de Control de Riego, que realizan un seguimiento constante del estado del clima y la humedad del suelo, permitiendo un mayor conocimiento del impacto del ambiente en el cultivo y facilitando la toma de decisiones.<\/span><\/p>\n[\/vc_column_text][\/vc_column_inner][vc_column_inner width=\u00bb1\/6&#8243;][\/vc_column_inner][\/vc_row_inner][mk_padding_divider][vc_row_inner attached=\u00bbtrue\u00bb is_fullwidth_content=\u00bbfalse\u00bb][vc_column_inner width=\u00bb1\/2&#8243;][vc_column_text title=\u00bbEstaci\u00f3n Meteorol\u00f3gica\u00bb disable_pattern=\u00bbfalse\u00bb align=\u00bbcenter\u00bb css=\u00bb.vc_custom_1519047068635{margin-bottom: 0px !important;}\u00bb]<span style=\"font-size: 14pt;\">Medici\u00f3n de los par\u00e1metros clim\u00e1ticos y ambientales.<\/span>[\/vc_column_text][mk_custom_box padding_vertical=\u00bb0&#8243;][mk_image src=\u00bbhttps:\/\/www.arvum-agriculture.com\/wp-content\/uploads\/2018\/02\/station-meteo.jpg\u00bb image_size=\u00bbfull\u00bb svg=\u00bbtrue\u00bb lightbox=\u00bbtrue\u00bb custom_lightbox=\u00bbhttps:\/\/www.arvum-agriculture.com\/es\/equipos\/\u00bb frame_style=\u00bbshadow_only\u00bb link=\u00bbhttps:\/\/www.arvum-agriculture.com\/es\/equipos\/\u00bb align=\u00bbcenter\u00bb][\/mk_custom_box][\/vc_column_inner][vc_column_inner width=\u00bb1\/2&#8243;][vc_column_text title=\u00bbPunto de Control de Riego\u00bb disable_pattern=\u00bbfalse\u00bb align=\u00bbcenter\u00bb css=\u00bb.vc_custom_1519047092819{margin-bottom: 0px !important;}\u00bb]<span style=\"font-size: 14pt;\">Medici\u00f3n de la evoluci\u00f3n de la humedad del suelo.<\/span>[\/vc_column_text][mk_custom_box padding_vertical=\u00bb0&#8243;][mk_image src=\u00bbhttps:\/\/www.arvum-agriculture.com\/wp-content\/uploads\/2018\/02\/smart-water-point.jpeg\u00bb image_size=\u00bbfull\u00bb svg=\u00bbtrue\u00bb lightbox=\u00bbtrue\u00bb custom_lightbox=\u00bbhttps:\/\/www.arvum-agriculture.com\/es\/equipos\/\u00bb frame_style=\u00bbshadow_only\u00bb link=\u00bbhttps:\/\/www.arvum-agriculture.com\/es\/equipos\/\u00bb align=\u00bbcenter\u00bb][\/mk_custom_box][\/vc_column_inner][\/vc_row_inner][\/vc_column][\/vc_row][vc_row][vc_column][mk_padding_divider][vc_row_inner][vc_column_inner width=\u00bb1\/4&#8243;][mk_milestone icon=\u00bbmk-icon-map-marker\u00bb icon_size=\u00bblarge\u00bb align=\u00bbcenter\u00bb start=\u00bb120&#8243; stop=\u00bb1615&#8243; text=\u00bbSensores instalados\u00bb text_color=\u00bb#444444&#8243; font_family=\u00bbnone\u00bb desc_size=\u00bb24&#8243;][\/vc_column_inner][vc_column_inner width=\u00bb1\/4&#8243;][mk_milestone icon=\u00bbmk-icon-map-marker\u00bb icon_size=\u00bblarge\u00bb align=\u00bbcenter\u00bb start=\u00bb1200&#8243; stop=\u00bb12600&#8243; text=\u00bbHect\u00e1reas trabajadas\u00bb text_color=\u00bb#444444&#8243; font_family=\u00bbnone\u00bb desc_size=\u00bb24&#8243;][\/vc_column_inner][vc_column_inner width=\u00bb1\/4&#8243;][mk_milestone icon=\u00bbmk-icon-map-marker\u00bb icon_size=\u00bblarge\u00bb align=\u00bbcenter\u00bb start=\u00bb5&#8243; stop=\u00bb31.6&#8243; text=\u00bb% de agua ahorrada\u00bb text_color=\u00bb#444444&#8243; font_family=\u00bbnone\u00bb desc_size=\u00bb24&#8243;][\/vc_column_inner][vc_column_inner width=\u00bb1\/4&#8243;][mk_milestone icon=\u00bbmk-icon-map-marker\u00bb icon_size=\u00bblarge\u00bb align=\u00bbcenter\u00bb start=\u00bb5&#8243; stop=\u00bb27&#8243; text=\u00bb% de fertilizantes economizados\u00bb text_color=\u00bb#444444&#8243; font_family=\u00bbnone\u00bb desc_size=\u00bb24&#8243;][\/vc_column_inner][\/vc_row_inner][mk_padding_divider][\/vc_column][\/vc_row][vc_row fullwidth=\u00bbtrue\u00bb fullwidth_content=\u00bbfalse\u00bb css=\u00bb.vc_custom_1519234156040{padding-top: 40px !important;padding-bottom: 40px !important;background-color: #eaeaea !important;}\u00bb][vc_column][mk_testimonials text_color=\u00bb#444444&#8243; skill_color=\u00bb#444444&#8243;][\/vc_column][\/vc_row][vc_row fullwidth=\u00bbtrue\u00bb css=\u00bb.vc_custom_1518796052924{background-color: #f56a14 !important;}\u00bb][vc_column width=\u00bb1\/2&#8243;][mk_padding_divider][mk_fancy_title tag_name=\u00bbh3&#8243; color=\u00bb#ffffff\u00bb size=\u00bb32&#8243; font_family=\u00bbnone\u00bb align=\u00bbcenter\u00bb]Descubra nuestro trabajo[\/mk_fancy_title][\/vc_column][vc_column width=\u00bb1\/2&#8243;][mk_padding_divider size=\u00bb32&#8243;][mk_button dimension=\u00bboutline\u00bb size=\u00bblarge\u00bb letter_spacing=\u00bb2&#8243; url=\u00bb\/es\/preguntas-frecuentes\/\u00bb align=\u00bbcenter\u00bb outline_skin=\u00bblight\u00bb]Preguntas frecuentes[\/mk_button][\/vc_column][\/vc_row][vc_row fullwidth=\u00bbtrue\u00bb fullwidth_content=\u00bbfalse\u00bb css=\u00bb.vc_custom_1518802630777{border-top-width: 5px !important;border-top-color: #f56a14 !important;border-top-style: solid !important;border-radius: 5px !important;}\u00bb][vc_column][mk_padding_divider size=\u00bb45&#8243;][vc_row_inner][vc_column_inner width=\u00bb1\/2&#8243;][mk_image src=\u00bbhttps:\/\/www.arvum-agriculture.com\/wp-content\/uploads\/2018\/02\/una-manera-de-hacer-europa.jpg\u00bb image_size=\u00bbfull\u00bb frame_style=\u00bbshadow_only\u00bb align=\u00bbcenter\u00bb][\/vc_column_inner][vc_column_inner width=\u00bb1\/2&#8243;][mk_padding_divider][vc_column_text css=\u00bb.vc_custom_1518609600118{margin-bottom: 0px !important;}\u00bb]\n<p style=\"text-align: justify;\"><span style=\"font-size: 14pt;\"><strong>Apoyo financiero de IVACE a trav\u00e9s del Programa Digitaliza CV<\/strong><\/span><\/p>\n<p style=\"text-align: justify;\">El objetivo del proyecto es la creaci\u00f3n de una plataforma web interactiva, a trav\u00e9s de la cual se cree un sistema \u00fatil para la toma de decisiones\u00a0 para ayudar a los agricultores y organizaciones a analizar datos e informaci\u00f3n sobre sus cultivos.<\/p>\n[\/vc_column_text][\/vc_column_inner][\/vc_row_inner][mk_padding_divider][\/vc_column][\/vc_row]\n<\/section>","protected":false},"excerpt":{"rendered":"<p>[vc_row fullwidth=\u00bbtrue\u00bb][vc_column][mk_edge_slider swiper_bg=\u00bb#ffffff\u00bb order=\u00bbASC\u00bb orderby=\u00bbtitle\u00bb full_height=\u00bbfalse\u00bb height=\u00bb100&#8243; animation_effect=\u00bbfade\u00bb animation_speed=\u00bb300&#8243; slideshow_speed=\u00bb5000&#8243; direction_nav=\u00bbnone\u00bb pagination=\u00bbnone\u00bb skip_arrow=\u00bbfalse\u00bb slides=\u00bb11944, 11943&#8243;][mk_edge_slider swiper_bg=\u00bb#ffffff\u00bb order=\u00bbASC\u00bb orderby=\u00bbpost__in\u00bb full_height=\u00bbfalse\u00bb visibility=\u00bbhidden-sm\u00bb slides=\u00bb11933, 11931, 11932&#8243;][mk_edge_slider swiper_bg=\u00bb#ffffff\u00bb order=\u00bbASC\u00bb orderby=\u00bbpost__in\u00bb full_height=\u00bbfalse\u00bb height=\u00bb200&#8243; visibility=\u00bbvisible-sm\u00bb slides=\u00bb11933, 11931, 11932&#8243;][\/vc_column][\/vc_row][vc_row fullwidth=\u00bbtrue\u00bb fullwidth_content=\u00bbfalse\u00bb][vc_column][mk_padding_divider][mk_ornamental_title tag_name=\u00bbh1&#8243; font_family=\u00bbnone\u00bb font_size=\u00bb42&#8243; ornament_style=\u00bbnorman-single\u00bb ornament_color=\u00bb#777777&#8243; margin_bottom=\u00bb0&#8243;]optimizar el riego?[\/mk_ornamental_title][mk_fancy_title tag_name=\u00bbspan\u00bb color=\u00bb#444444&#8243; size=\u00bb42&#8243; margin_bottom=\u00bb0&#8243; font_family=\u00bbnone\u00bb align=\u00bbcenter\u00bb]\u00bfPorque[\/mk_fancy_title][vc_row_inner is_fullwidth_content=\u00bbfalse\u00bb][vc_column_inner width=\u00bb1\/2&#8243;][mk_custom_list] La escasez de agua es [&hellip;]<\/p>\n","protected":false},"author":1,"featured_media":0,"parent":0,"menu_order":8,"comment_status":"closed","ping_status":"closed","template":"","meta":[],"yoast_head":"<!-- This site is optimized with the Yoast SEO plugin v20.7 - https:\/\/yoast.com\/wordpress\/plugins\/seo\/ -->\n<title>INICIO - ARVUM AGRICULTURE<\/title>\n<meta name=\"robots\" content=\"index, follow, max-snippet:-1, max-image-preview:large, max-video-preview:-1\" \/>\n<link rel=\"canonical\" href=\"https:\/\/www.arvum-agriculture.com\/es\/\" \/>\n<meta property=\"og:locale\" content=\"es_ES\" \/>\n<meta property=\"og:type\" content=\"article\" \/>\n<meta property=\"og:title\" content=\"INICIO - ARVUM AGRICULTURE\" \/>\n<meta property=\"og:description\" content=\"[vc_row fullwidth=\u00bbtrue\u00bb][vc_column][mk_edge_slider swiper_bg=\u00bb#ffffff\u00bb order=\u00bbASC\u00bb orderby=\u00bbtitle\u00bb full_height=\u00bbfalse\u00bb height=\u00bb100&#8243; animation_effect=\u00bbfade\u00bb animation_speed=\u00bb300&#8243; slideshow_speed=\u00bb5000&#8243; direction_nav=\u00bbnone\u00bb pagination=\u00bbnone\u00bb skip_arrow=\u00bbfalse\u00bb slides=\u00bb11944, 11943&#8243;][mk_edge_slider swiper_bg=\u00bb#ffffff\u00bb order=\u00bbASC\u00bb orderby=\u00bbpost__in\u00bb full_height=\u00bbfalse\u00bb visibility=\u00bbhidden-sm\u00bb slides=\u00bb11933, 11931, 11932&#8243;][mk_edge_slider swiper_bg=\u00bb#ffffff\u00bb order=\u00bbASC\u00bb orderby=\u00bbpost__in\u00bb full_height=\u00bbfalse\u00bb height=\u00bb200&#8243; visibility=\u00bbvisible-sm\u00bb slides=\u00bb11933, 11931, 11932&#8243;][\/vc_column][\/vc_row][vc_row fullwidth=\u00bbtrue\u00bb fullwidth_content=\u00bbfalse\u00bb][vc_column][mk_padding_divider][mk_ornamental_title tag_name=\u00bbh1&#8243; font_family=\u00bbnone\u00bb font_size=\u00bb42&#8243; ornament_style=\u00bbnorman-single\u00bb ornament_color=\u00bb#777777&#8243; margin_bottom=\u00bb0&#8243;]optimizar el riego?[\/mk_ornamental_title][mk_fancy_title tag_name=\u00bbspan\u00bb color=\u00bb#444444&#8243; size=\u00bb42&#8243; margin_bottom=\u00bb0&#8243; font_family=\u00bbnone\u00bb align=\u00bbcenter\u00bb]\u00bfPorque[\/mk_fancy_title][vc_row_inner is_fullwidth_content=\u00bbfalse\u00bb][vc_column_inner width=\u00bb1\/2&#8243;][mk_custom_list] La escasez de agua es [&hellip;]\" \/>\n<meta property=\"og:url\" content=\"https:\/\/www.arvum-agriculture.com\/es\/\" \/>\n<meta property=\"og:site_name\" content=\"ARVUM AGRICULTURE\" \/>\n<meta property=\"article:modified_time\" content=\"2020-04-10T14:58:05+00:00\" \/>\n<meta name=\"twitter:card\" content=\"summary_large_image\" \/>\n<meta name=\"twitter:label1\" content=\"Tiempo de lectura\" \/>\n\t<meta name=\"twitter:data1\" content=\"9 minutos\" \/>\n<script type=\"application\/ld+json\" class=\"yoast-schema-graph\">{\"@context\":\"https:\/\/schema.org\",\"@graph\":[{\"@type\":\"WebPage\",\"@id\":\"https:\/\/www.arvum-agriculture.com\/es\/\",\"url\":\"https:\/\/www.arvum-agriculture.com\/es\/\",\"name\":\"INICIO - ARVUM AGRICULTURE\",\"isPartOf\":{\"@id\":\"https:\/\/www.arvum-agriculture.com\/#website\"},\"datePublished\":\"2015-12-12T12:33:05+00:00\",\"dateModified\":\"2020-04-10T14:58:05+00:00\",\"breadcrumb\":{\"@id\":\"https:\/\/www.arvum-agriculture.com\/es\/#breadcrumb\"},\"inLanguage\":\"es\",\"potentialAction\":[{\"@type\":\"ReadAction\",\"target\":[\"https:\/\/www.arvum-agriculture.com\/es\/\"]}]},{\"@type\":\"BreadcrumbList\",\"@id\":\"https:\/\/www.arvum-agriculture.com\/es\/#breadcrumb\",\"itemListElement\":[{\"@type\":\"ListItem\",\"position\":1,\"name\":\"Accueil\",\"item\":\"https:\/\/www.arvum-agriculture.com\/es\/\"},{\"@type\":\"ListItem\",\"position\":2,\"name\":\"INICIO\"}]},{\"@type\":\"WebSite\",\"@id\":\"https:\/\/www.arvum-agriculture.com\/#website\",\"url\":\"https:\/\/www.arvum-agriculture.com\/\",\"name\":\"ARVUM AGRICULTURE\",\"description\":\"Optimiser l&#039;irrigation | irrigation durable\",\"potentialAction\":[{\"@type\":\"SearchAction\",\"target\":{\"@type\":\"EntryPoint\",\"urlTemplate\":\"https:\/\/www.arvum-agriculture.com\/?s={search_term_string}\"},\"query-input\":\"required name=search_term_string\"}],\"inLanguage\":\"es\"}]}<\/script>\n<!-- \/ Yoast SEO plugin. -->","yoast_head_json":{"title":"INICIO - ARVUM AGRICULTURE","robots":{"index":"index","follow":"follow","max-snippet":"max-snippet:-1","max-image-preview":"max-image-preview:large","max-video-preview":"max-video-preview:-1"},"canonical":"https:\/\/www.arvum-agriculture.com\/es\/","og_locale":"es_ES","og_type":"article","og_title":"INICIO - ARVUM AGRICULTURE","og_description":"[vc_row fullwidth=\u00bbtrue\u00bb][vc_column][mk_edge_slider swiper_bg=\u00bb#ffffff\u00bb order=\u00bbASC\u00bb orderby=\u00bbtitle\u00bb full_height=\u00bbfalse\u00bb height=\u00bb100&#8243; animation_effect=\u00bbfade\u00bb animation_speed=\u00bb300&#8243; slideshow_speed=\u00bb5000&#8243; direction_nav=\u00bbnone\u00bb pagination=\u00bbnone\u00bb skip_arrow=\u00bbfalse\u00bb slides=\u00bb11944, 11943&#8243;][mk_edge_slider swiper_bg=\u00bb#ffffff\u00bb order=\u00bbASC\u00bb orderby=\u00bbpost__in\u00bb full_height=\u00bbfalse\u00bb visibility=\u00bbhidden-sm\u00bb slides=\u00bb11933, 11931, 11932&#8243;][mk_edge_slider swiper_bg=\u00bb#ffffff\u00bb order=\u00bbASC\u00bb orderby=\u00bbpost__in\u00bb full_height=\u00bbfalse\u00bb height=\u00bb200&#8243; visibility=\u00bbvisible-sm\u00bb slides=\u00bb11933, 11931, 11932&#8243;][\/vc_column][\/vc_row][vc_row fullwidth=\u00bbtrue\u00bb fullwidth_content=\u00bbfalse\u00bb][vc_column][mk_padding_divider][mk_ornamental_title tag_name=\u00bbh1&#8243; font_family=\u00bbnone\u00bb font_size=\u00bb42&#8243; ornament_style=\u00bbnorman-single\u00bb ornament_color=\u00bb#777777&#8243; margin_bottom=\u00bb0&#8243;]optimizar el riego?[\/mk_ornamental_title][mk_fancy_title tag_name=\u00bbspan\u00bb color=\u00bb#444444&#8243; size=\u00bb42&#8243; margin_bottom=\u00bb0&#8243; font_family=\u00bbnone\u00bb align=\u00bbcenter\u00bb]\u00bfPorque[\/mk_fancy_title][vc_row_inner is_fullwidth_content=\u00bbfalse\u00bb][vc_column_inner width=\u00bb1\/2&#8243;][mk_custom_list] La escasez de agua es [&hellip;]","og_url":"https:\/\/www.arvum-agriculture.com\/es\/","og_site_name":"ARVUM AGRICULTURE","article_modified_time":"2020-04-10T14:58:05+00:00","twitter_card":"summary_large_image","twitter_misc":{"Tiempo de lectura":"9 minutos"},"schema":{"@context":"https:\/\/schema.org","@graph":[{"@type":"WebPage","@id":"https:\/\/www.arvum-agriculture.com\/es\/","url":"https:\/\/www.arvum-agriculture.com\/es\/","name":"INICIO - ARVUM AGRICULTURE","isPartOf":{"@id":"https:\/\/www.arvum-agriculture.com\/#website"},"datePublished":"2015-12-12T12:33:05+00:00","dateModified":"2020-04-10T14:58:05+00:00","breadcrumb":{"@id":"https:\/\/www.arvum-agriculture.com\/es\/#breadcrumb"},"inLanguage":"es","potentialAction":[{"@type":"ReadAction","target":["https:\/\/www.arvum-agriculture.com\/es\/"]}]},{"@type":"BreadcrumbList","@id":"https:\/\/www.arvum-agriculture.com\/es\/#breadcrumb","itemListElement":[{"@type":"ListItem","position":1,"name":"Accueil","item":"https:\/\/www.arvum-agriculture.com\/es\/"},{"@type":"ListItem","position":2,"name":"INICIO"}]},{"@type":"WebSite","@id":"https:\/\/www.arvum-agriculture.com\/#website","url":"https:\/\/www.arvum-agriculture.com\/","name":"ARVUM AGRICULTURE","description":"Optimiser l&#039;irrigation | irrigation durable","potentialAction":[{"@type":"SearchAction","target":{"@type":"EntryPoint","urlTemplate":"https:\/\/www.arvum-agriculture.com\/?s={search_term_string}"},"query-input":"required name=search_term_string"}],"inLanguage":"es"}]}},"_links":{"self":[{"href":"https:\/\/www.arvum-agriculture.com\/es\/wp-json\/wp\/v2\/pages\/11772"}],"collection":[{"href":"https:\/\/www.arvum-agriculture.com\/es\/wp-json\/wp\/v2\/pages"}],"about":[{"href":"https:\/\/www.arvum-agriculture.com\/es\/wp-json\/wp\/v2\/types\/page"}],"author":[{"embeddable":true,"href":"https:\/\/www.arvum-agriculture.com\/es\/wp-json\/wp\/v2\/users\/1"}],"replies":[{"embeddable":true,"href":"https:\/\/www.arvum-agriculture.com\/es\/wp-json\/wp\/v2\/comments?post=11772"}],"version-history":[{"count":0,"href":"https:\/\/www.arvum-agriculture.com\/es\/wp-json\/wp\/v2\/pages\/11772\/revisions"}],"wp:attachment":[{"href":"https:\/\/www.arvum-agriculture.com\/es\/wp-json\/wp\/v2\/media?parent=11772"}],"curies":[{"name":"wp","href":"https:\/\/api.w.org\/{rel}","templated":true}]}}