{"id":11780,"date":"2017-11-17T18:18:52","date_gmt":"2017-11-17T17:18:52","guid":{"rendered":"http:\/\/www.arvum-agriculture.com\/etude-de-cas\/"},"modified":"2020-04-10T16:59:18","modified_gmt":"2020-04-10T14:59:18","slug":"preguntas-frecuentes","status":"publish","type":"page","link":"https:\/\/www.arvum-agriculture.com\/es\/preguntas-frecuentes\/","title":{"rendered":"PREGUNTAS FRECUENTES"},"content":{"rendered":"<section class=\"wpb-content-wrapper\">[vc_row fullwidth=\u00bbtrue\u00bb column_padding=\u00bb20&#8243; css=\u00bb.vc_custom_1513782946942{background-image: url(https:\/\/www.arvum-agriculture.com\/wp-content\/uploads\/2017\/12\/arvum-agriculture-notre-quipe.jpg?id=11667) !important;}\u00bb][vc_column][mk_padding_divider size=\u00bb60&#8243;][mk_fancy_title tag_name=\u00bbh1&#8243; color=\u00bb#ffffff\u00bb size=\u00bb40&#8243; letter_spacing=\u00bb2&#8243; margin_bottom=\u00bb40&#8243; font_family=\u00bbnone\u00bb align=\u00bbcenter\u00bb]ESTUDIO DE CASO[\/mk_fancy_title][\/vc_column][\/vc_row][mk_page_section][vc_column][mk_padding_divider size=\u00bb20&#8243;][vc_accordions][vc_accordion_tab title=\u00bb\u00bfPodemos ahorrar agua, con esta metodolog\u00eda?\u00bb][vc_row_inner][vc_column_inner width=\u00bb1\/2&#8243;][vc_single_image image=\u00bb12087&#8243; img_size=\u00bbfull\u00bb alignment=\u00bbcenter\u00bb style=\u00bbvc_box_shadow_3d\u00bb][\/vc_column_inner][vc_column_inner width=\u00bb1\/2&#8243;][vc_column_text css=\u00bb.vc_custom_1517849911129{margin-bottom: 0px !important;}\u00bb]\n<p style=\"text-align: justify;\">Si, podemos optimizar el uso del agua con esta metodolog\u00eda. Nuestro objetivo es conseguir la m\u00e1xima eficiencia de cada gota de agua. Por media estamos ahorrando entre un 20 y un 30 % en la cantidad de agua usada en las explotaciones agr\u00edcolas. Un ejemplo, en la producci\u00f3n de clementinas, la media nacional espa\u00f1ola, es cercana a 200 litros de agua por Kg de clementina producida. A trav\u00e9s de la tecnolog\u00eda de ARVUM, hemos llegado a obtener resultados de 80 litros de agua por Kg de clementina producida.<\/p>\n[\/vc_column_text][\/vc_column_inner][\/vc_row_inner][\/vc_accordion_tab][vc_accordion_tab title=\u00bb\u00bfPuede utilizarse en todo tipo de cultivos?\u00bb][vc_row_inner][vc_column_inner width=\u00bb1\/2&#8243;][vc_single_image image=\u00bb12289&#8243; img_size=\u00bbfull\u00bb alignment=\u00bbcenter\u00bb style=\u00bbvc_box_shadow_3d\u00bb][\/vc_column_inner][vc_column_inner width=\u00bb1\/2&#8243;][vc_column_text css=\u00bb.vc_custom_1517849623460{margin-bottom: 0px !important;}\u00bb]\n<p style=\"text-align: justify;\">Si, puede utilizarse en todo tipo de cultivo. Hoy ARVUM, asiste a cultivos tan diversos, como c\u00edtricos en el levante espa\u00f1ol, aguacate, tomate en el sur de Marruecos, alcachofa, mel\u00f3n en Francia&#8230; Esta tecnolog\u00eda esta disponible para todo tipo de cultivos.<\/p>\n[\/vc_column_text][\/vc_column_inner][\/vc_row_inner][\/vc_accordion_tab][vc_accordion_tab title=\u00bb\u00bfPuede adaptarse a todo tipo de suelos?\u00bb][vc_row_inner][vc_column_inner width=\u00bb1\/2&#8243;][vc_single_image image=\u00bb12290&#8243; img_size=\u00bbfull\u00bb alignment=\u00bbcenter\u00bb style=\u00bbvc_box_shadow_3d\u00bb][\/vc_column_inner][vc_column_inner width=\u00bb1\/2&#8243;][vc_column_text css=\u00bb.vc_custom_1517849646405{margin-bottom: 0px !important;}\u00bb]\n<p style=\"text-align: justify;\">Si, hoy ARVUM, trabaja con todo tipo de suelos. Estudiamos suelos arenosos del sur de Huelva, para la producci\u00f3n de fresa y frambuesa, trabajamos con suelos con un % muy alto de arcilla, en el norte de Marruecos, suelos \u00e1cidos en Francia, suelos calizos t\u00edpicos del Mediterr\u00e1neo, suelos mucha cantidad de piedra,\u2026 Podemos trabajar en todo tipo de condiciones ed\u00e1ficas.<\/p>\n[\/vc_column_text][\/vc_column_inner][\/vc_row_inner][\/vc_accordion_tab][vc_accordion_tab title=\u00bbMi explotaci\u00f3n esta plantada sobre caballones, podemos instalarlo en esas condiciones\u00bb][vc_row_inner][vc_column_inner width=\u00bb1\/2&#8243;][vc_single_image image=\u00bb12291&#8243; img_size=\u00bbfull\u00bb alignment=\u00bbcenter\u00bb style=\u00bbvc_box_shadow_3d\u00bb][\/vc_column_inner][vc_column_inner width=\u00bb1\/2&#8243;][vc_column_text css=\u00bb.vc_custom_1517849683538{margin-bottom: 0px !important;}\u00bb]\n<p style=\"text-align: justify;\">Si, podemos trabajar con caballones. Nos adaptamos a todo tipo de instalaciones. En el momento de la instalaci\u00f3n, evaluaremos el sistema radicular, y el recorrido del agua aplicado en el suelo. En funci\u00f3n de estos par\u00e1metros haremos la instalaci\u00f3n m\u00e1s adecuada.<\/p>\n[\/vc_column_text][\/vc_column_inner][\/vc_row_inner][\/vc_accordion_tab][vc_accordion_tab title=\u00bb\u00bfPodemos ahorrar fertilizantes?\u00bb][vc_row_inner][vc_column_inner width=\u00bb1\/2&#8243;][vc_single_image image=\u00bb12292&#8243; img_size=\u00bbfull\u00bb alignment=\u00bbcenter\u00bb style=\u00bbvc_box_shadow_3d\u00bb][\/vc_column_inner][vc_column_inner width=\u00bb1\/2&#8243;][vc_column_text css=\u00bb.vc_custom_1517849726619{margin-bottom: 0px !important;}\u00bb]\n<p style=\"text-align: justify;\">Si podemos ahorrar fertilizantes. Si hacemos un balance de los fertilizantes aplicado en un cultivo, nos damos cuenta de que cerca del 50% de estos va a la planta. Y el 50 % restante, va al suelo, y por lixiviaci\u00f3n, se ponen fuera del alcance de la planta. Estos fertilizantes frecuentemente crean problemas de contaminaci\u00f3n.<\/p>\n[\/vc_column_text][\/vc_column_inner][\/vc_row_inner][\/vc_accordion_tab][vc_accordion_tab title=\u00bbEl agua que dispongo es muy salada, \u00bfpodemos optimizar el uso del agua, bajo esas condiciones?\u00bb][vc_row_inner][vc_column_inner width=\u00bb1\/2&#8243;][vc_single_image image=\u00bb12293&#8243; img_size=\u00bbfull\u00bb alignment=\u00bbcenter\u00bb style=\u00bbvc_box_shadow_3d\u00bb][\/vc_column_inner][vc_column_inner width=\u00bb1\/2&#8243;][vc_column_text css=\u00bb.vc_custom_1517849797017{margin-bottom: 0px !important;}\u00bb]\n<p style=\"text-align: justify;\">Si podemos optimizar el agua, aun siendo esta muy salada. Cuando trabajamos con aguas saladas, medimos tambi\u00e9n las sales y la reconcentraci\u00f3n de estas, para medir bien cu\u00e1l es la fracci\u00f3n de lavado a aplicar en cada caso. La salinizaci\u00f3n del agua es uno de los mayores problemas a los que la agricultura debe hacer frente, en ARVUM estamos capacitados para trabajar con estas condiciones.<\/p>\n[\/vc_column_text][\/vc_column_inner][\/vc_row_inner][\/vc_accordion_tab][vc_accordion_tab title=\u00bb\u00bfPuedo programar riego deficitario controlado, con este sistema? \u00ab][vc_row_inner][vc_column_inner width=\u00bb1\/2&#8243;][vc_single_image image=\u00bb12294&#8243; img_size=\u00bbfull\u00bb alignment=\u00bbcenter\u00bb style=\u00bbvc_box_shadow_3d\u00bb][\/vc_column_inner][vc_column_inner width=\u00bb1\/2&#8243;][vc_column_text css=\u00bb.vc_custom_1517849821986{margin-bottom: 0px !important;}\u00bb]\n<p style=\"text-align: justify;\">Si, podemos programar riego deficitario controlado, si no disponemos de la suficiente dotaci\u00f3n de agua en la explotaci\u00f3n. La precisi\u00f3n de nuestros equipos, el conocimiento sobre el sistema suelo-planta-agua (SPA), y la fisiolog\u00eda de la planta, hace posible programar riego deficiente controlado, sin tener consecuencias en la producci\u00f3n presente y futura.<\/p>\n[\/vc_column_text][\/vc_column_inner][\/vc_row_inner][\/vc_accordion_tab][vc_accordion_tab title=\u00bb\u00bfSirve para riego localizado solamente, o puedo utilizarlo en aspersi\u00f3n?\u00bb][vc_row_inner][vc_column_inner width=\u00bb1\/2&#8243;][vc_single_image image=\u00bb12295&#8243; img_size=\u00bbfull\u00bb alignment=\u00bbcenter\u00bb style=\u00bbvc_box_shadow_3d\u00bb][\/vc_column_inner][vc_column_inner width=\u00bb1\/2&#8243;][vc_column_text css=\u00bb.vc_custom_1517849845538{margin-bottom: 0px !important;}\u00bb]\n<p style=\"text-align: justify;\">Si podemos utilizar esta tecnolog\u00eda en aspersi\u00f3n, riego localizado, o cualquier tipo de riego utilizado en la explotaci\u00f3n. Los equipos miden la cantidad de agua disponible para las plantas, independientemente del tipo de riego. En el momento de la instalaci\u00f3n, se tendr\u00e1n en cuenta el tipo de riego.<\/p>\n[\/vc_column_text][\/vc_column_inner][\/vc_row_inner][\/vc_accordion_tab][vc_accordion_tab title=\u00bb\u00bfC\u00f3mo puedo consultar mis resultados?\u00bb][vc_row_inner][vc_column_inner width=\u00bb1\/2&#8243;][vc_single_image image=\u00bb11502&#8243; img_size=\u00bbfull\u00bb alignment=\u00bbcenter\u00bb style=\u00bbvc_box_shadow_3d\u00bb][\/vc_column_inner][vc_column_inner width=\u00bb1\/2&#8243;][vc_column_text css=\u00bb.vc_custom_1517849871441{margin-bottom: 0px !important;}\u00bb]\n<p style=\"text-align: justify;\">Los resultados se pueden consultar en directo y a tiempo real, a trav\u00e9s de nuestra web o aplicaci\u00f3n m\u00f3vil. Adem\u00e1s, semanalmente, los t\u00e9cnicos de ARVUM, env\u00edan comentarios y recomendaciones sobre \u00e9l riego.<\/p>\n[\/vc_column_text][\/vc_column_inner][\/vc_row_inner][\/vc_accordion_tab][vc_accordion_tab title=\u00bb\u00bfAdem\u00e1s de reducir el volumen de agua a lo largo de la campa\u00f1a, que otras ventajas puedo conseguir?\u00bb][vc_row_inner][vc_column_inner width=\u00bb1\/2&#8243;][vc_single_image image=\u00bb12296&#8243; img_size=\u00bbfull\u00bb alignment=\u00bbcenter\u00bb style=\u00bbvc_box_shadow_3d\u00bb][\/vc_column_inner][vc_column_inner width=\u00bb1\/2&#8243;][vc_column_text css=\u00bb.vc_custom_1517849898552{margin-bottom: 0px !important;}\u00bb]\n<p style=\"text-align: justify;\">La finalidad de la consultor\u00eda de ARVUM, no va solo encaminada a reducir agua, sino que lo que realmente se busca es optimizar el uso de este recurso tan limitante para el correcto desarrollo de las plantas. Suministrar la dosis correcta de agua en cada momento es fundamental para la gesti\u00f3n completa de la explotaci\u00f3n.<\/p>\n[\/vc_column_text][\/vc_column_inner][\/vc_row_inner][\/vc_accordion_tab][\/vc_accordions][\/vc_column][\/mk_page_section]\n<\/section>","protected":false},"excerpt":{"rendered":"<p>[vc_row fullwidth=\u00bbtrue\u00bb column_padding=\u00bb20&#8243; css=\u00bb.vc_custom_1513782946942{background-image: url(https:\/\/www.arvum-agriculture.com\/wp-content\/uploads\/2017\/12\/arvum-agriculture-notre-quipe.jpg?id=11667) !important;}\u00bb][vc_column][mk_padding_divider size=\u00bb60&#8243;][mk_fancy_title tag_name=\u00bbh1&#8243; color=\u00bb#ffffff\u00bb size=\u00bb40&#8243; letter_spacing=\u00bb2&#8243; margin_bottom=\u00bb40&#8243; font_family=\u00bbnone\u00bb align=\u00bbcenter\u00bb]ESTUDIO DE CASO[\/mk_fancy_title][\/vc_column][\/vc_row][mk_page_section][vc_column][mk_padding_divider size=\u00bb20&#8243;][vc_accordions][vc_accordion_tab title=\u00bb\u00bfPodemos ahorrar agua, con esta metodolog\u00eda?\u00bb][vc_row_inner][vc_column_inner width=\u00bb1\/2&#8243;][vc_single_image image=\u00bb12087&#8243; img_size=\u00bbfull\u00bb alignment=\u00bbcenter\u00bb style=\u00bbvc_box_shadow_3d\u00bb][\/vc_column_inner][vc_column_inner width=\u00bb1\/2&#8243;][vc_column_text css=\u00bb.vc_custom_1517849911129{margin-bottom: 0px !important;}\u00bb] Si, podemos optimizar el uso del agua con esta metodolog\u00eda. Nuestro objetivo es conseguir la m\u00e1xima eficiencia de cada gota de agua. Por [&hellip;]<\/p>\n","protected":false},"author":1,"featured_media":0,"parent":0,"menu_order":8,"comment_status":"closed","ping_status":"closed","template":"","meta":[],"yoast_head":"<!-- This site is optimized with the Yoast SEO plugin v20.7 - https:\/\/yoast.com\/wordpress\/plugins\/seo\/ -->\n<title>PREGUNTAS FRECUENTES - ARVUM AGRICULTURE<\/title>\n<meta name=\"robots\" content=\"index, follow, max-snippet:-1, max-image-preview:large, max-video-preview:-1\" \/>\n<link rel=\"canonical\" href=\"https:\/\/www.arvum-agriculture.com\/es\/preguntas-frecuentes\/\" \/>\n<meta property=\"og:locale\" content=\"es_ES\" \/>\n<meta property=\"og:type\" content=\"article\" \/>\n<meta property=\"og:title\" content=\"PREGUNTAS FRECUENTES - ARVUM AGRICULTURE\" \/>\n<meta property=\"og:description\" content=\"[vc_row fullwidth=\u00bbtrue\u00bb column_padding=\u00bb20&#8243; css=\u00bb.vc_custom_1513782946942{background-image: url(https:\/\/www.arvum-agriculture.com\/wp-content\/uploads\/2017\/12\/arvum-agriculture-notre-quipe.jpg?id=11667) !important;}\u00bb][vc_column][mk_padding_divider size=\u00bb60&#8243;][mk_fancy_title tag_name=\u00bbh1&#8243; color=\u00bb#ffffff\u00bb size=\u00bb40&#8243; letter_spacing=\u00bb2&#8243; margin_bottom=\u00bb40&#8243; font_family=\u00bbnone\u00bb align=\u00bbcenter\u00bb]ESTUDIO DE CASO[\/mk_fancy_title][\/vc_column][\/vc_row][mk_page_section][vc_column][mk_padding_divider size=\u00bb20&#8243;][vc_accordions][vc_accordion_tab title=\u00bb\u00bfPodemos ahorrar agua, con esta metodolog\u00eda?\u00bb][vc_row_inner][vc_column_inner width=\u00bb1\/2&#8243;][vc_single_image image=\u00bb12087&#8243; img_size=\u00bbfull\u00bb alignment=\u00bbcenter\u00bb style=\u00bbvc_box_shadow_3d\u00bb][\/vc_column_inner][vc_column_inner width=\u00bb1\/2&#8243;][vc_column_text css=\u00bb.vc_custom_1517849911129{margin-bottom: 0px !important;}\u00bb] Si, podemos optimizar el uso del agua con esta metodolog\u00eda. Nuestro objetivo es conseguir la m\u00e1xima eficiencia de cada gota de agua. Por [&hellip;]\" \/>\n<meta property=\"og:url\" content=\"https:\/\/www.arvum-agriculture.com\/es\/preguntas-frecuentes\/\" \/>\n<meta property=\"og:site_name\" content=\"ARVUM AGRICULTURE\" \/>\n<meta property=\"article:modified_time\" content=\"2020-04-10T14:59:18+00:00\" \/>\n<meta name=\"twitter:card\" content=\"summary_large_image\" \/>\n<meta name=\"twitter:label1\" content=\"Tiempo de lectura\" \/>\n\t<meta name=\"twitter:data1\" content=\"6 minutos\" \/>\n<script type=\"application\/ld+json\" class=\"yoast-schema-graph\">{\"@context\":\"https:\/\/schema.org\",\"@graph\":[{\"@type\":\"WebPage\",\"@id\":\"https:\/\/www.arvum-agriculture.com\/es\/preguntas-frecuentes\/\",\"url\":\"https:\/\/www.arvum-agriculture.com\/es\/preguntas-frecuentes\/\",\"name\":\"PREGUNTAS FRECUENTES - ARVUM AGRICULTURE\",\"isPartOf\":{\"@id\":\"https:\/\/www.arvum-agriculture.com\/#website\"},\"datePublished\":\"2017-11-17T17:18:52+00:00\",\"dateModified\":\"2020-04-10T14:59:18+00:00\",\"breadcrumb\":{\"@id\":\"https:\/\/www.arvum-agriculture.com\/es\/preguntas-frecuentes\/#breadcrumb\"},\"inLanguage\":\"es\",\"potentialAction\":[{\"@type\":\"ReadAction\",\"target\":[\"https:\/\/www.arvum-agriculture.com\/es\/preguntas-frecuentes\/\"]}]},{\"@type\":\"BreadcrumbList\",\"@id\":\"https:\/\/www.arvum-agriculture.com\/es\/preguntas-frecuentes\/#breadcrumb\",\"itemListElement\":[{\"@type\":\"ListItem\",\"position\":1,\"name\":\"Accueil\",\"item\":\"https:\/\/www.arvum-agriculture.com\/es\/\"},{\"@type\":\"ListItem\",\"position\":2,\"name\":\"PREGUNTAS FRECUENTES\"}]},{\"@type\":\"WebSite\",\"@id\":\"https:\/\/www.arvum-agriculture.com\/#website\",\"url\":\"https:\/\/www.arvum-agriculture.com\/\",\"name\":\"ARVUM AGRICULTURE\",\"description\":\"Optimiser l&#039;irrigation | irrigation durable\",\"potentialAction\":[{\"@type\":\"SearchAction\",\"target\":{\"@type\":\"EntryPoint\",\"urlTemplate\":\"https:\/\/www.arvum-agriculture.com\/?s={search_term_string}\"},\"query-input\":\"required name=search_term_string\"}],\"inLanguage\":\"es\"}]}<\/script>\n<!-- \/ Yoast SEO plugin. -->","yoast_head_json":{"title":"PREGUNTAS FRECUENTES - ARVUM AGRICULTURE","robots":{"index":"index","follow":"follow","max-snippet":"max-snippet:-1","max-image-preview":"max-image-preview:large","max-video-preview":"max-video-preview:-1"},"canonical":"https:\/\/www.arvum-agriculture.com\/es\/preguntas-frecuentes\/","og_locale":"es_ES","og_type":"article","og_title":"PREGUNTAS FRECUENTES - ARVUM AGRICULTURE","og_description":"[vc_row fullwidth=\u00bbtrue\u00bb column_padding=\u00bb20&#8243; css=\u00bb.vc_custom_1513782946942{background-image: url(https:\/\/www.arvum-agriculture.com\/wp-content\/uploads\/2017\/12\/arvum-agriculture-notre-quipe.jpg?id=11667) !important;}\u00bb][vc_column][mk_padding_divider size=\u00bb60&#8243;][mk_fancy_title tag_name=\u00bbh1&#8243; color=\u00bb#ffffff\u00bb size=\u00bb40&#8243; letter_spacing=\u00bb2&#8243; margin_bottom=\u00bb40&#8243; font_family=\u00bbnone\u00bb align=\u00bbcenter\u00bb]ESTUDIO DE CASO[\/mk_fancy_title][\/vc_column][\/vc_row][mk_page_section][vc_column][mk_padding_divider size=\u00bb20&#8243;][vc_accordions][vc_accordion_tab title=\u00bb\u00bfPodemos ahorrar agua, con esta metodolog\u00eda?\u00bb][vc_row_inner][vc_column_inner width=\u00bb1\/2&#8243;][vc_single_image image=\u00bb12087&#8243; img_size=\u00bbfull\u00bb alignment=\u00bbcenter\u00bb style=\u00bbvc_box_shadow_3d\u00bb][\/vc_column_inner][vc_column_inner width=\u00bb1\/2&#8243;][vc_column_text css=\u00bb.vc_custom_1517849911129{margin-bottom: 0px !important;}\u00bb] Si, podemos optimizar el uso del agua con esta metodolog\u00eda. Nuestro objetivo es conseguir la m\u00e1xima eficiencia de cada gota de agua. Por [&hellip;]","og_url":"https:\/\/www.arvum-agriculture.com\/es\/preguntas-frecuentes\/","og_site_name":"ARVUM AGRICULTURE","article_modified_time":"2020-04-10T14:59:18+00:00","twitter_card":"summary_large_image","twitter_misc":{"Tiempo de lectura":"6 minutos"},"schema":{"@context":"https:\/\/schema.org","@graph":[{"@type":"WebPage","@id":"https:\/\/www.arvum-agriculture.com\/es\/preguntas-frecuentes\/","url":"https:\/\/www.arvum-agriculture.com\/es\/preguntas-frecuentes\/","name":"PREGUNTAS FRECUENTES - ARVUM AGRICULTURE","isPartOf":{"@id":"https:\/\/www.arvum-agriculture.com\/#website"},"datePublished":"2017-11-17T17:18:52+00:00","dateModified":"2020-04-10T14:59:18+00:00","breadcrumb":{"@id":"https:\/\/www.arvum-agriculture.com\/es\/preguntas-frecuentes\/#breadcrumb"},"inLanguage":"es","potentialAction":[{"@type":"ReadAction","target":["https:\/\/www.arvum-agriculture.com\/es\/preguntas-frecuentes\/"]}]},{"@type":"BreadcrumbList","@id":"https:\/\/www.arvum-agriculture.com\/es\/preguntas-frecuentes\/#breadcrumb","itemListElement":[{"@type":"ListItem","position":1,"name":"Accueil","item":"https:\/\/www.arvum-agriculture.com\/es\/"},{"@type":"ListItem","position":2,"name":"PREGUNTAS FRECUENTES"}]},{"@type":"WebSite","@id":"https:\/\/www.arvum-agriculture.com\/#website","url":"https:\/\/www.arvum-agriculture.com\/","name":"ARVUM AGRICULTURE","description":"Optimiser l&#039;irrigation | irrigation durable","potentialAction":[{"@type":"SearchAction","target":{"@type":"EntryPoint","urlTemplate":"https:\/\/www.arvum-agriculture.com\/?s={search_term_string}"},"query-input":"required name=search_term_string"}],"inLanguage":"es"}]}},"_links":{"self":[{"href":"https:\/\/www.arvum-agriculture.com\/es\/wp-json\/wp\/v2\/pages\/11780"}],"collection":[{"href":"https:\/\/www.arvum-agriculture.com\/es\/wp-json\/wp\/v2\/pages"}],"about":[{"href":"https:\/\/www.arvum-agriculture.com\/es\/wp-json\/wp\/v2\/types\/page"}],"author":[{"embeddable":true,"href":"https:\/\/www.arvum-agriculture.com\/es\/wp-json\/wp\/v2\/users\/1"}],"replies":[{"embeddable":true,"href":"https:\/\/www.arvum-agriculture.com\/es\/wp-json\/wp\/v2\/comments?post=11780"}],"version-history":[{"count":0,"href":"https:\/\/www.arvum-agriculture.com\/es\/wp-json\/wp\/v2\/pages\/11780\/revisions"}],"wp:attachment":[{"href":"https:\/\/www.arvum-agriculture.com\/es\/wp-json\/wp\/v2\/media?parent=11780"}],"curies":[{"name":"wp","href":"https:\/\/api.w.org\/{rel}","templated":true}]}}