{"id":11781,"date":"2017-11-17T18:17:29","date_gmt":"2017-11-17T17:17:29","guid":{"rendered":"http:\/\/www.arvum-agriculture.com\/expertises\/"},"modified":"2020-04-10T16:59:06","modified_gmt":"2020-04-10T14:59:06","slug":"competencias","status":"publish","type":"page","link":"https:\/\/www.arvum-agriculture.com\/es\/competencias\/","title":{"rendered":"COMPETENCIAS"},"content":{"rendered":"<section class=\"wpb-content-wrapper\">[vc_row fullwidth=\u00bbtrue\u00bb column_padding=\u00bb20&#8243; css=\u00bb.vc_custom_1513783651691{background-image: url(https:\/\/www.arvum-agriculture.com\/wp-content\/uploads\/2017\/12\/arvum-agriculture-nos-expertises.jpg?id=11673) !important;}\u00bb][vc_column][mk_padding_divider size=\u00bb60&#8243;][mk_fancy_title tag_name=\u00bbh1&#8243; color=\u00bb#ffffff\u00bb size=\u00bb40&#8243; letter_spacing=\u00bb2&#8243; margin_bottom=\u00bb40&#8243; font_family=\u00bbnone\u00bb align=\u00bbcenter\u00bb]COMPETENCIAS[\/mk_fancy_title][\/vc_column][\/vc_row][vc_row column_padding=\u00bb20&#8243;][vc_column][mk_padding_divider size=\u00bb30&#8243;][\/vc_column][\/vc_row][vc_row column_padding=\u00bb20&#8243;][vc_column width=\u00bb1\/3&#8243;][mk_fancy_title color=\u00bb#444444&#8243; size=\u00bb25&#8243; letter_spacing=\u00bb2&#8243; margin_bottom=\u00bb0&#8243; font_family=\u00bbnone\u00bb]Optimizar el riego [\/mk_fancy_title][mk_custom_list]\n<ul>\n<li>Reducci\u00f3n de hasta un 30% de ahorro de agua<\/li>\n<li>Validaci\u00f3n en tiempos real de los tiempos de riego<\/li>\n<li>Estrategia de riego en funci\u00f3n de la textura del suelo<\/li>\n<\/ul>\n[\/mk_custom_list][\/vc_column][vc_column width=\u00bb2\/3&#8243;][vc_column_text css=\u00bb.vc_custom_1519056478919{margin-bottom: 0px !important;}\u00bb]\n<p style=\"text-align: justify;\">La experiencia nos ha demostrado que, con nuestro trabajo y servicios, se ha llegado a una <strong>reducci\u00f3n de hasta un 30% del uso del agua<\/strong> en las explotaciones; al permitir que cada gota de agua que se aplica sea asimilada por planta.<\/p>\n<p style=\"text-align: justify;\">El seguimiento detallado de los cultivos en tiempo real permite conocer el estado h\u00eddrico del suelo y de la planta, pudiendo validar los tiempos de riego y disminuyendo los riesgos de asfixia y de falta de agua, principales causas de la mortalidad de \u00e1rboles y de falta de producci\u00f3n en las explotaciones.<\/p>\n<p style=\"text-align: justify;\">Este seguimiento, permite as\u00ed mismo conocer las interacciones entre los tipos de plantas o porta injertos y el tipo de textura de suelo, para as\u00ed determinar la mejor estrategia a utilizar en dichas condiciones<\/p>\n[\/vc_column_text][\/vc_column][\/vc_row][vc_row fullwidth=\u00bbtrue\u00bb fullwidth_content=\u00bbfalse\u00bb column_padding=\u00bb20&#8243; css=\u00bb.vc_custom_1517844057210{background-color: #f4f4f4 !important;}\u00bb][vc_column width=\u00bb1\/3&#8243;][mk_padding_divider size=\u00bb30&#8243;][mk_fancy_title color=\u00bb#444444&#8243; size=\u00bb25&#8243; letter_spacing=\u00bb2&#8243; margin_bottom=\u00bb0&#8243; font_family=\u00bbnone\u00bb]Optimizar el uso de los fertilizantes[\/mk_fancy_title][mk_custom_list]\n<ul>\n<li>Expertos en el control del sistema SUELO-PLANTA-AGUA<\/li>\n<li>Reducci\u00f3n de hasta un 30% en el uso de fertilizantes<\/li>\n<li>Adaptaci\u00f3n de los fertilizantes en funci\u00f3n del ciclo fenol\u00f3gico del cultivo<\/li>\n<\/ul>\n[\/mk_custom_list][mk_padding_divider size=\u00bb30&#8243;][\/vc_column][vc_column width=\u00bb2\/3&#8243;][mk_padding_divider size=\u00bb30&#8243;][vc_column_text css=\u00bb.vc_custom_1519056490680{margin-bottom: 0px !important;}\u00bb]\n<p style=\"text-align: justify;\">Todas nuestras decisiones agron\u00f3micas se basan en la informaci\u00f3n anal\u00edtica que nos aportan los procedimientos de monitoreo y control del medio, desarrollados internamente. Somos expertos en el control del sistema SUELO-PLANTA-AGUA.<\/p>\n<p style=\"text-align: justify;\">Por medio de nuestra consultor\u00eda durante los \u00faltimos a\u00f1os se ha llegado a obtener una <strong>reducci<\/strong><strong>\u00f3<\/strong><strong>n de hasta un 30% en fertilizantes, <\/strong>al asegurar que los fertilizantes utilizados son absorbidos directamente por las plantas y no se pierden en el suelo.<\/p>\n<p style=\"text-align: justify;\">Nuestro seguimiento detallado y estudio de cada tipo de suelo, complementado por nuestra experiencia y conocimiento del ciclo de cada cultivo, nos permite aplicar los elementos necesarios de acuerdo con cada momento del ciclo fenol\u00f3gico, realizando la composici\u00f3n ideal de fertilizantes y evitando desequilibrios nutricionales. As\u00ed mismo, se reduce el gasto innecesario de estos y la contaminaci\u00f3n ambiental que se produce con los residuos.<\/p>\n[\/vc_column_text][mk_padding_divider size=\u00bb30&#8243;][\/vc_column][\/vc_row][vc_row column_padding=\u00bb20&#8243; css=\u00bb.vc_custom_1517843973920{margin-top: 40px !important;}\u00bb][vc_column width=\u00bb1\/3&#8243;][mk_fancy_title color=\u00bb#444444&#8243; size=\u00bb25&#8243; letter_spacing=\u00bb2&#8243; margin_bottom=\u00bb0&#8243; font_family=\u00bbnone\u00bb]Aumentar los rendimientos[\/mk_fancy_title][mk_custom_list]\n<ul>\n<li>Reducir costos<\/li>\n<li>Aumentar la producci\u00f3n<\/li>\n<\/ul>\n[\/mk_custom_list][\/vc_column][vc_column width=\u00bb2\/3&#8243;][vc_column_text css=\u00bb.vc_custom_1519056501600{margin-bottom: 0px !important;}\u00bb]\n<p style=\"text-align: justify;\">Los principales costes en una explotaci\u00f3n agr\u00edcola est\u00e1n determinados por la mano de obra, el agua y los fertilizantes. Por medio de nuestra asesor\u00eda y los diferentes servicios ofrecidos, ARVUM permite a los agricultores realizar una reducci\u00f3n significativa en estos tres aspectos y por lo tanto incrementar los rendimientos.<\/p>\n<p style=\"text-align: justify;\">El seguimiento detallado de los cultivos en tiempo real permite disminuir los riesgos bi\u00f3ticos c\u00f3mo abi\u00f3ticos a los que se enfrentan las plantas y la producci\u00f3n. Adem\u00e1s, permite cultivar en las condiciones m\u00e1s dispares, tales c\u00f3mo en suelos \u00e1cidos y calizo, salinos o s\u00f3dicos, con buena o mala calidad de agua, con metales pesados o con boro entre otros; pero garantizando su m\u00e1xima rentabilidad.<\/p>\n[\/vc_column_text][\/vc_column][\/vc_row][vc_row fullwidth=\u00bbtrue\u00bb fullwidth_content=\u00bbfalse\u00bb column_padding=\u00bb20&#8243; css=\u00bb.vc_custom_1517844022200{background-color: #333333 !important;}\u00bb][vc_column][mk_padding_divider size=\u00bb60&#8243;][mk_fancy_title color=\u00bb#ffffff\u00bb size=\u00bb25&#8243; letter_spacing=\u00bb2&#8243; margin_bottom=\u00bb0&#8243; font_family=\u00bbnone\u00bb align=\u00bbcenter\u00bb]<span style=\"font-size: 40px;\">\u00bfPor qu\u00e9 ARVUM?<\/span>[\/mk_fancy_title][vc_column_text css=\u00bb.vc_custom_1517850321110{margin-bottom: 0px !important;}\u00bb]\n<p style=\"text-align: center;\"><span style=\"font-size: 27px; color: #ffffff;\">&#8211; Compromiso con el medio ambiente y el desarrollo de una agricultura sostenible <\/span><\/p>\n[\/vc_column_text][mk_padding_divider size=\u00bb30&#8243;][\/vc_column][\/vc_row][mk_page_section bg_color=\u00bb#f4f4f4&#8243; sidebar=\u00bbsidebar-1&#8243;][vc_column][mk_padding_divider][vc_row_inner][vc_column_inner width=\u00bb1\/2&#8243;][mk_fancy_title size=\u00bb22&#8243; margin_bottom=\u00bb0&#8243; font_family=\u00bbnone\u00bb]<span style=\"font-size: 40px; color: #333333;\">Nuestro equipo<\/span>[\/mk_fancy_title][mk_custom_list]\n<ul>\n<li>M\u00e1s de 10 a\u00f1os de experiencia en diferentes pa\u00edses<\/li>\n<li>Equipo internacional<\/li>\n<li>Capacitaci\u00f3n constante<\/li>\n<\/ul>\n[\/mk_custom_list][\/vc_column_inner][vc_column_inner width=\u00bb1\/2&#8243;][vc_column_text css=\u00bb.vc_custom_1517850395709{margin-bottom: 0px !important;}\u00bb]\n<p style=\"text-align: justify;\">Nuestra empresa dispone de un equipo de ingenieros altamente cualificados con m\u00e1s de 10 a\u00f1os de experiencia a nivel internacional; el cual permite proporcionar un asesoramiento t\u00e9cnico especializado para abordar todo tipo de cultivos. Nuestros ingenieros cuentan con experiencia en pa\u00edses como Espa\u00f1a, Marruecos, Francia, L\u00edbano, Egipto, Turqu\u00eda y Panam\u00e1, haciendo seguimiento en cultivos de c\u00edtricos, olivos, mel\u00f3n, fresa<\/p>\n[\/vc_column_text][\/vc_column_inner][\/vc_row_inner][\/vc_column][\/mk_page_section][mk_page_section sidebar=\u00bbsidebar-1&#8243;][vc_column][mk_padding_divider][vc_row_inner][vc_column_inner width=\u00bb1\/2&#8243;][mk_fancy_title size=\u00bb22&#8243; margin_bottom=\u00bb0&#8243; font_family=\u00bbnone\u00bb]<span style=\"font-size: 40px; color: #333333;\">Nuestra tecnolog\u00eda<\/span>[\/mk_fancy_title][mk_custom_list]\n<ul>\n<li>Mejores proveedores del mercado<\/li>\n<li>Instrumentos de alta precisi\u00f3n<\/li>\n<li>Software propio<\/li>\n<\/ul>\n[\/mk_custom_list][\/vc_column_inner][vc_column_inner width=\u00bb1\/2&#8243;][vc_column_text css=\u00bb.vc_custom_1517850670573{margin-bottom: 0px !important;}\u00bb]\n<p style=\"text-align: justify;\">Trabajamos con los mejores fabricantes de equipos cient\u00edficos, especializados en la medici\u00f3n de diferentes par\u00e1metros que afectan el cultivo.\u00a0 Y mantenemos una actualizaci\u00f3n permanente de las \u00faltimas tendencias a nivel mundial en agricultura.<\/p>\n<p style=\"text-align: justify;\">Actualmente ARVUM trabaja con los mejores proveedores del mercado, entre los cuales cabe destacar, Decagon, Apogee, Meter. Sus equipos son instrumentos de alta precisi\u00f3n, que se utilizan en investigaci\u00f3n y desarrollo de proyectos agron\u00f3micos.<\/p>\n[\/vc_column_text][\/vc_column_inner][\/vc_row_inner][\/vc_column][\/mk_page_section][mk_page_section bg_color=\u00bb#f4f4f4&#8243; sidebar=\u00bbsidebar-1&#8243;][vc_column][mk_padding_divider][vc_row_inner][vc_column_inner width=\u00bb1\/2&#8243;][mk_fancy_title size=\u00bb22&#8243; margin_bottom=\u00bb0&#8243; font_family=\u00bbnone\u00bb]<span style=\"font-size: 40px; color: #333333;\">Nuestra m\u00e9todo<\/span>[\/mk_fancy_title][mk_custom_list]\n<ul>\n<li>Trabajo de campo y visitas regulares<\/li>\n<li>Soporte tecnol\u00f3gico y de laboratorio<\/li>\n<li>Informes semanales<\/li>\n<\/ul>\n[\/mk_custom_list][mk_fancy_title tag_name=\u00bbh4&#8243; size=\u00bb20&#8243; font_family=\u00bbnone\u00bb]**Esto nos diferencia de la competencia[\/mk_fancy_title][\/vc_column_inner][vc_column_inner width=\u00bb1\/2&#8243;][vc_column_text css=\u00bb.vc_custom_1517850754476{margin-bottom: 0px !important;}\u00bb]\n<p style=\"text-align: justify;\">Nuestro servicio combina el trabajo de campo (visitas peri\u00f3dicas) en los principales momentos fenol\u00f3gicos del ciclo de la planta, con el soporte tecnol\u00f3gico y de laboratorio; lo que permite ofrecer un seguimiento detallado y completo a los agricultores durante todo el ciclo de vida de la explotaci\u00f3n.<\/p>\n<p style=\"text-align: justify;\">Todas nuestras decisiones agron\u00f3micas se basan en la informaci\u00f3n anal\u00edtica que nos aportan los procedimientos de monitoreo y control del medio, desarrollados internamente. Somos expertos en el control del sistema SUELO-PLANTA-AGUA.<\/p>\n<p style=\"text-align: justify;\">Dentro de nuestra metodolog\u00eda de trabajo, una de nuestras principales preocupaciones, es que el agricultor este constantemente informado y pueda llevar un seguimiento detallado de todo aquello que sucede en su plantaci\u00f3n. Esto, lo logramos a trav\u00e9s de reportes e informes que se env\u00edan semanalmente, en los cuales se facilita la interpretaci\u00f3n de los resultados obtenidos por los equipos y an\u00e1lisis de laboratorio, as\u00ed como recomendaciones y acciones a tomar. Este sistema de reportes nos permite detectar fallos o deficiencias en las plantas en tiempo real y as\u00ed poder aplicar las correcciones pertinentes en el momento indicado, evitando de esta manera que la producci\u00f3n se afecte a largo plazo.<\/p>\n[\/vc_column_text][\/vc_column_inner][\/vc_row_inner][\/vc_column][\/mk_page_section][mk_page_section bg_color=\u00bb#3a3a3a\u00bb sidebar=\u00bbsidebar-1&#8243;][vc_column][mk_padding_divider][vc_row_inner][vc_column_inner width=\u00bb1\/2&#8243;][mk_fancy_title color=\u00bb#ffffff\u00bb size=\u00bb22&#8243; margin_bottom=\u00bb0&#8243; font_family=\u00bbnone\u00bb]<span style=\"font-size: 40px; color: #f56a14;\">Nuestros resultados<\/span>[\/mk_fancy_title][mk_custom_list]\n<ul>\n<li><span style=\"color: #ffffff;\">Reducci\u00f3n de hasta un 30% de ahorro de agua y fertilizantes<\/span><\/li>\n<li><span style=\"color: #ffffff;\">Incremento en la producci\u00f3n de por lo menos un 15%<\/span><\/li>\n<li><span style=\"color: #ffffff;\">Reducci\u00f3n de la contaminaci\u00f3n y minimizaci\u00f3n del impacto ambiental<\/span><\/li>\n<li><span style=\"color: #ffffff;\">Excelente adaptaci\u00f3n de los cultivos a condiciones adversas<\/span><\/li>\n<\/ul>\n[\/mk_custom_list][\/vc_column_inner][vc_column_inner width=\u00bb1\/2&#8243;][vc_column_text css=\u00bb.vc_custom_1519052250623{margin-bottom: 0px !important;}\u00bb]\n<p style=\"text-align: justify;\"><span style=\"color: #ffffff;\">La experiencia nos ha demostrado que, con nuestro trabajo y servicios, se ha llegado a una reducci\u00f3n de hasta un 30% de ahorro de agua y fertilizantes en las explotaciones. Al permitir que cada gota de agua y cada gramo de fertilizante que se aplica vaya directamente a la planta y no al suelo, se reduce el gasto innecesario de esos elementos y as\u00ed mismo la contaminaci\u00f3n ambiental que se produce con los residuos.<br \/>\nEl ahorro del agua y del uso de fertilizantes durante todos nuestros a\u00f1os de experiencia, ha ido de la mano del incremento en los rendimientos de la producci\u00f3n. En todas las explotaciones en las que hemos trabajado, se ha obtenido un incremento en la producci\u00f3n de por lo menos un 15%, lo que se traduce en un aumento de la rentabilidad de los proyectos.<br \/>\nEl seguimiento detallado de los cultivos en tiempo real permite disminuir los riesgos bi\u00f3ticos c\u00f3mo abi\u00f3ticos a los que se enfrentan las plantas y la producci\u00f3n. Adem\u00e1s, permite cultivar en las condiciones m\u00e1s dispares, tales c\u00f3mo en suelos \u00e1cidos y calizo, salinos o s\u00f3dicos, con buena o mala calidad de agua, con metales pesados o con boro entre otros; pero garantizando su m\u00e1xima rentabilidad.<br \/>\n<\/span><\/p>\n[\/vc_column_text][\/vc_column_inner][\/vc_row_inner][\/vc_column][\/mk_page_section][vc_row][vc_column][\/vc_column][\/vc_row]\n<\/section>","protected":false},"excerpt":{"rendered":"<p>[vc_row fullwidth=\u00bbtrue\u00bb column_padding=\u00bb20&#8243; css=\u00bb.vc_custom_1513783651691{background-image: url(https:\/\/www.arvum-agriculture.com\/wp-content\/uploads\/2017\/12\/arvum-agriculture-nos-expertises.jpg?id=11673) !important;}\u00bb][vc_column][mk_padding_divider size=\u00bb60&#8243;][mk_fancy_title tag_name=\u00bbh1&#8243; color=\u00bb#ffffff\u00bb size=\u00bb40&#8243; letter_spacing=\u00bb2&#8243; margin_bottom=\u00bb40&#8243; font_family=\u00bbnone\u00bb align=\u00bbcenter\u00bb]COMPETENCIAS[\/mk_fancy_title][\/vc_column][\/vc_row][vc_row column_padding=\u00bb20&#8243;][vc_column][mk_padding_divider size=\u00bb30&#8243;][\/vc_column][\/vc_row][vc_row column_padding=\u00bb20&#8243;][vc_column width=\u00bb1\/3&#8243;][mk_fancy_title color=\u00bb#444444&#8243; size=\u00bb25&#8243; letter_spacing=\u00bb2&#8243; margin_bottom=\u00bb0&#8243; font_family=\u00bbnone\u00bb]Optimizar el riego [\/mk_fancy_title][mk_custom_list] Reducci\u00f3n de hasta un 30% de ahorro de agua Validaci\u00f3n en tiempos real de los tiempos de riego Estrategia de riego en funci\u00f3n de la textura del suelo [\/mk_custom_list][\/vc_column][vc_column [&hellip;]<\/p>\n","protected":false},"author":1,"featured_media":0,"parent":0,"menu_order":8,"comment_status":"closed","ping_status":"closed","template":"","meta":[],"yoast_head":"<!-- This site is optimized with the Yoast SEO plugin v20.7 - https:\/\/yoast.com\/wordpress\/plugins\/seo\/ -->\n<title>COMPETENCIAS - ARVUM AGRICULTURE<\/title>\n<meta name=\"robots\" content=\"index, follow, max-snippet:-1, max-image-preview:large, max-video-preview:-1\" \/>\n<link rel=\"canonical\" href=\"https:\/\/www.arvum-agriculture.com\/es\/competencias\/\" \/>\n<meta property=\"og:locale\" content=\"es_ES\" \/>\n<meta property=\"og:type\" content=\"article\" \/>\n<meta property=\"og:title\" content=\"COMPETENCIAS - ARVUM AGRICULTURE\" \/>\n<meta property=\"og:description\" content=\"[vc_row fullwidth=\u00bbtrue\u00bb column_padding=\u00bb20&#8243; css=\u00bb.vc_custom_1513783651691{background-image: url(https:\/\/www.arvum-agriculture.com\/wp-content\/uploads\/2017\/12\/arvum-agriculture-nos-expertises.jpg?id=11673) !important;}\u00bb][vc_column][mk_padding_divider size=\u00bb60&#8243;][mk_fancy_title tag_name=\u00bbh1&#8243; color=\u00bb#ffffff\u00bb size=\u00bb40&#8243; letter_spacing=\u00bb2&#8243; margin_bottom=\u00bb40&#8243; font_family=\u00bbnone\u00bb align=\u00bbcenter\u00bb]COMPETENCIAS[\/mk_fancy_title][\/vc_column][\/vc_row][vc_row column_padding=\u00bb20&#8243;][vc_column][mk_padding_divider size=\u00bb30&#8243;][\/vc_column][\/vc_row][vc_row column_padding=\u00bb20&#8243;][vc_column width=\u00bb1\/3&#8243;][mk_fancy_title color=\u00bb#444444&#8243; size=\u00bb25&#8243; letter_spacing=\u00bb2&#8243; margin_bottom=\u00bb0&#8243; font_family=\u00bbnone\u00bb]Optimizar el riego [\/mk_fancy_title][mk_custom_list] Reducci\u00f3n de hasta un 30% de ahorro de agua Validaci\u00f3n en tiempos real de los tiempos de riego Estrategia de riego en funci\u00f3n de la textura del suelo [\/mk_custom_list][\/vc_column][vc_column [&hellip;]\" \/>\n<meta property=\"og:url\" content=\"https:\/\/www.arvum-agriculture.com\/es\/competencias\/\" \/>\n<meta property=\"og:site_name\" content=\"ARVUM AGRICULTURE\" \/>\n<meta property=\"article:modified_time\" content=\"2020-04-10T14:59:06+00:00\" \/>\n<meta name=\"twitter:card\" content=\"summary_large_image\" \/>\n<meta name=\"twitter:label1\" content=\"Tiempo de lectura\" \/>\n\t<meta name=\"twitter:data1\" content=\"9 minutos\" \/>\n<script type=\"application\/ld+json\" class=\"yoast-schema-graph\">{\"@context\":\"https:\/\/schema.org\",\"@graph\":[{\"@type\":\"WebPage\",\"@id\":\"https:\/\/www.arvum-agriculture.com\/es\/competencias\/\",\"url\":\"https:\/\/www.arvum-agriculture.com\/es\/competencias\/\",\"name\":\"COMPETENCIAS - ARVUM AGRICULTURE\",\"isPartOf\":{\"@id\":\"https:\/\/www.arvum-agriculture.com\/#website\"},\"datePublished\":\"2017-11-17T17:17:29+00:00\",\"dateModified\":\"2020-04-10T14:59:06+00:00\",\"breadcrumb\":{\"@id\":\"https:\/\/www.arvum-agriculture.com\/es\/competencias\/#breadcrumb\"},\"inLanguage\":\"es\",\"potentialAction\":[{\"@type\":\"ReadAction\",\"target\":[\"https:\/\/www.arvum-agriculture.com\/es\/competencias\/\"]}]},{\"@type\":\"BreadcrumbList\",\"@id\":\"https:\/\/www.arvum-agriculture.com\/es\/competencias\/#breadcrumb\",\"itemListElement\":[{\"@type\":\"ListItem\",\"position\":1,\"name\":\"Accueil\",\"item\":\"https:\/\/www.arvum-agriculture.com\/es\/\"},{\"@type\":\"ListItem\",\"position\":2,\"name\":\"COMPETENCIAS\"}]},{\"@type\":\"WebSite\",\"@id\":\"https:\/\/www.arvum-agriculture.com\/#website\",\"url\":\"https:\/\/www.arvum-agriculture.com\/\",\"name\":\"ARVUM AGRICULTURE\",\"description\":\"Optimiser l&#039;irrigation | irrigation durable\",\"potentialAction\":[{\"@type\":\"SearchAction\",\"target\":{\"@type\":\"EntryPoint\",\"urlTemplate\":\"https:\/\/www.arvum-agriculture.com\/?s={search_term_string}\"},\"query-input\":\"required name=search_term_string\"}],\"inLanguage\":\"es\"}]}<\/script>\n<!-- \/ Yoast SEO plugin. -->","yoast_head_json":{"title":"COMPETENCIAS - ARVUM AGRICULTURE","robots":{"index":"index","follow":"follow","max-snippet":"max-snippet:-1","max-image-preview":"max-image-preview:large","max-video-preview":"max-video-preview:-1"},"canonical":"https:\/\/www.arvum-agriculture.com\/es\/competencias\/","og_locale":"es_ES","og_type":"article","og_title":"COMPETENCIAS - ARVUM AGRICULTURE","og_description":"[vc_row fullwidth=\u00bbtrue\u00bb column_padding=\u00bb20&#8243; css=\u00bb.vc_custom_1513783651691{background-image: url(https:\/\/www.arvum-agriculture.com\/wp-content\/uploads\/2017\/12\/arvum-agriculture-nos-expertises.jpg?id=11673) !important;}\u00bb][vc_column][mk_padding_divider size=\u00bb60&#8243;][mk_fancy_title tag_name=\u00bbh1&#8243; color=\u00bb#ffffff\u00bb size=\u00bb40&#8243; letter_spacing=\u00bb2&#8243; margin_bottom=\u00bb40&#8243; font_family=\u00bbnone\u00bb align=\u00bbcenter\u00bb]COMPETENCIAS[\/mk_fancy_title][\/vc_column][\/vc_row][vc_row column_padding=\u00bb20&#8243;][vc_column][mk_padding_divider size=\u00bb30&#8243;][\/vc_column][\/vc_row][vc_row column_padding=\u00bb20&#8243;][vc_column width=\u00bb1\/3&#8243;][mk_fancy_title color=\u00bb#444444&#8243; size=\u00bb25&#8243; letter_spacing=\u00bb2&#8243; margin_bottom=\u00bb0&#8243; font_family=\u00bbnone\u00bb]Optimizar el riego [\/mk_fancy_title][mk_custom_list] Reducci\u00f3n de hasta un 30% de ahorro de agua Validaci\u00f3n en tiempos real de los tiempos de riego Estrategia de riego en funci\u00f3n de la textura del suelo [\/mk_custom_list][\/vc_column][vc_column [&hellip;]","og_url":"https:\/\/www.arvum-agriculture.com\/es\/competencias\/","og_site_name":"ARVUM AGRICULTURE","article_modified_time":"2020-04-10T14:59:06+00:00","twitter_card":"summary_large_image","twitter_misc":{"Tiempo de lectura":"9 minutos"},"schema":{"@context":"https:\/\/schema.org","@graph":[{"@type":"WebPage","@id":"https:\/\/www.arvum-agriculture.com\/es\/competencias\/","url":"https:\/\/www.arvum-agriculture.com\/es\/competencias\/","name":"COMPETENCIAS - ARVUM AGRICULTURE","isPartOf":{"@id":"https:\/\/www.arvum-agriculture.com\/#website"},"datePublished":"2017-11-17T17:17:29+00:00","dateModified":"2020-04-10T14:59:06+00:00","breadcrumb":{"@id":"https:\/\/www.arvum-agriculture.com\/es\/competencias\/#breadcrumb"},"inLanguage":"es","potentialAction":[{"@type":"ReadAction","target":["https:\/\/www.arvum-agriculture.com\/es\/competencias\/"]}]},{"@type":"BreadcrumbList","@id":"https:\/\/www.arvum-agriculture.com\/es\/competencias\/#breadcrumb","itemListElement":[{"@type":"ListItem","position":1,"name":"Accueil","item":"https:\/\/www.arvum-agriculture.com\/es\/"},{"@type":"ListItem","position":2,"name":"COMPETENCIAS"}]},{"@type":"WebSite","@id":"https:\/\/www.arvum-agriculture.com\/#website","url":"https:\/\/www.arvum-agriculture.com\/","name":"ARVUM AGRICULTURE","description":"Optimiser l&#039;irrigation | irrigation durable","potentialAction":[{"@type":"SearchAction","target":{"@type":"EntryPoint","urlTemplate":"https:\/\/www.arvum-agriculture.com\/?s={search_term_string}"},"query-input":"required name=search_term_string"}],"inLanguage":"es"}]}},"_links":{"self":[{"href":"https:\/\/www.arvum-agriculture.com\/es\/wp-json\/wp\/v2\/pages\/11781"}],"collection":[{"href":"https:\/\/www.arvum-agriculture.com\/es\/wp-json\/wp\/v2\/pages"}],"about":[{"href":"https:\/\/www.arvum-agriculture.com\/es\/wp-json\/wp\/v2\/types\/page"}],"author":[{"embeddable":true,"href":"https:\/\/www.arvum-agriculture.com\/es\/wp-json\/wp\/v2\/users\/1"}],"replies":[{"embeddable":true,"href":"https:\/\/www.arvum-agriculture.com\/es\/wp-json\/wp\/v2\/comments?post=11781"}],"version-history":[{"count":0,"href":"https:\/\/www.arvum-agriculture.com\/es\/wp-json\/wp\/v2\/pages\/11781\/revisions"}],"wp:attachment":[{"href":"https:\/\/www.arvum-agriculture.com\/es\/wp-json\/wp\/v2\/media?parent=11781"}],"curies":[{"name":"wp","href":"https:\/\/api.w.org\/{rel}","templated":true}]}}