{"id":11784,"date":"2017-12-13T12:39:47","date_gmt":"2017-12-13T11:39:47","guid":{"rendered":"http:\/\/www.arvum-agriculture.com\/control-total\/"},"modified":"2020-04-10T16:58:53","modified_gmt":"2020-04-10T14:58:53","slug":"control-total","status":"publish","type":"page","link":"https:\/\/www.arvum-agriculture.com\/es\/control-total\/","title":{"rendered":"CONTROL TOTAL"},"content":{"rendered":"<section class=\"wpb-content-wrapper\">[vc_row fullwidth=\u00bbtrue\u00bb css=\u00bb.vc_custom_1513878280915{background-color: #3f3f3f !important;}\u00bb][vc_column][mk_fancy_title tag_name=\u00bbh1&#8243; color=\u00bb#444444&#8243; size=\u00bb33&#8243; margin_top=\u00bb53&#8243; margin_bottom=\u00bb30&#8243; font_family=\u00bbnone\u00bb align=\u00bbcenter\u00bb]<span style=\"color: #ffffff; font-size: 30pt;\">CONTROL TOTAL<\/span>[\/mk_fancy_title][\/vc_column][\/vc_row][vc_row][vc_column][mk_padding_divider][\/vc_column][\/vc_row][vc_row][vc_column width=\u00bb1\/2&#8243;][vc_single_image image=\u00bb12021&#8243; img_size=\u00bbfull\u00bb alignment=\u00bbcenter\u00bb style=\u00bbvc_box_shadow\u00bb css_animation=\u00bbslideInLeft\u00bb][vc_single_image image=\u00bb12020&#8243; img_size=\u00bbfull\u00bb alignment=\u00bbcenter\u00bb style=\u00bbvc_box_shadow\u00bb css_animation=\u00bbslideInLeft\u00bb][\/vc_column][vc_column width=\u00bb1\/2&#8243;][mk_custom_list animation=\u00bbright-to-left\u00bb]\n<ul>\n<li>Control de costes de toda la explotaci\u00f3n<\/li>\n<li>Gesti\u00f3n de tareas al interior de la finca<\/li>\n<li>Seguimiento y control de resultados<\/li>\n<li>Visitas regulares por parte de un experto agr\u00f3nomo<\/li>\n<li>Reducci\u00f3n del uso de fertilizantes<\/li>\n<li>Ahorro de hasta un 30% de consumo de agua<\/li>\n<li>Seguimiento de la planta a trav\u00e9s de anal\u00edticas foliares<\/li>\n<li>Control detallado a tiempo real de la situaci\u00f3n h\u00eddrica de la planta<\/li>\n<li>Seguimiento de la temperatura y la conductividad el\u00e9ctrica (CE) a nivel radicular<\/li>\n<li>Reporte semanal realizado por un t\u00e9cnico especializado con sugerencias y correcciones a seguir<\/li>\n<li>Soporte agron\u00f3mico en todo momento con personal altamente capacitado<\/li>\n<\/ul>\n[\/mk_custom_list][\/vc_column][\/vc_row][vc_row fullwidth=\u00bbtrue\u00bb fullwidth_content=\u00bbfalse\u00bb css=\u00bb.vc_custom_1511365419218{background-color: #f56a14 !important;}\u00bb][vc_column][mk_fancy_title size=\u00bb32&#8243; letter_spacing=\u00bb2&#8243; margin_top=\u00bb60&#8243; font_family=\u00bbnone\u00bb align=\u00bbcenter\u00bb]Su explotaci\u00f3n agr\u00edcola en manos de un experto[\/mk_fancy_title][vc_column_text disable_pattern=\u00bbfalse\u00bb align=\u00bbcenter\u00bb css=\u00bb.vc_custom_1519322713064{margin-bottom: 0px !important;}\u00bb]\n<p style=\"color: #ffffff; font-size: 23px;\">Al unirse al servicio Control Total, el agricultor adquiere el servicio m\u00e1s completo del mercado, donde se busca rentabilidad y control. EL equipo est\u00e1 constituido por ingenieros agr\u00f3nomos y financieros, con la m\u00e1s alta tecnificaci\u00f3n, para conocer la realidad del d\u00eda a d\u00eda de la explotaci\u00f3n.<\/p>\n<p style=\"color: #ffffff; font-size: 23px;\">Al contratar el servicio de Control Total, ARVUM se hace cargo de todo el proceso de producci\u00f3n, desde el momento de la plantaci\u00f3n, hasta la recolecci\u00f3n de la fruta, pasando por un seguimiento detallado durante la campa\u00f1a, compuesto de visitas regulares, reportes semanales, an\u00e1lisis de laboratorio, estudio y evoluci\u00f3n de los costos y control y manejo \u00f3ptimo del agua y del uso de fertilizantes, para lograr obtener la mayor producci\u00f3n reduciendo los costos.<\/p>\n[\/vc_column_text][mk_padding_divider size=\u00bb50&#8243;][\/vc_column][\/vc_row][vc_row visibility=\u00bbhidden-sm\u00bb][vc_column][mk_padding_divider size=\u00bb50&#8243;][mk_pricing_table table_number=\u00bb3&#8243; order=\u00bbASC\u00bb tables=\u00bb11803, 11802, 11801&#8243;]\n<ul>\n<li>Estudio del sistema radicular de la planta, para conocer el sistema m\u00e1s adaptado de riego<\/li>\n<li>Visualizaci\u00f3n en continuo del estado h\u00eddrico de la planta<\/li>\n<li>Recomendaciones semanales de riego<\/li>\n<li>Anal\u00edticas para conocer el estado nutricional de la planta<\/li>\n<li>Recomendaciones de abonado, en funci\u00f3n del momento fenol\u00f3gico<\/li>\n<li>Seguimiento t\u00e9cnico de la finca con Visitas peri\u00f3dicas a la explotaci\u00f3n<\/li>\n<li>Plan estrat\u00e9gico de la finca, plantaciones, variedades<\/li>\n<li>An\u00e1lisis de costes de la finca<\/li>\n<li>Seguimiento econ\u00f3mico de la finca<\/li>\n<\/ul>\n[\/mk_pricing_table][mk_padding_divider][\/vc_column][\/vc_row][vc_row][vc_column][vc_column_text]\n[\/vc_column_text][\/vc_column][\/vc_row][vc_row fullwidth=\u00bbtrue\u00bb css=\u00bb.vc_custom_1518801587037{padding-top: 80px !important;background-color: #eaeaea !important;}\u00bb][vc_column width=\u00bb1\/6&#8243;][mk_circle_image src=\u00bbhttps:\/\/www.arvum-agriculture.com\/wp-content\/uploads\/2018\/02\/agrumes.jpg\u00bb image_diameter=\u00bb213&#8243;][vc_raw_html el_class=\u00bbtitreimgrond\u00bb]QyVDMyVBRHRyaWNvcw==[\/vc_raw_html][\/vc_column][vc_column width=\u00bb1\/6&#8243;][mk_circle_image src=\u00bbhttps:\/\/www.arvum-agriculture.com\/wp-content\/uploads\/2018\/02\/amande1.jpg\u00bb image_diameter=\u00bb213&#8243;][vc_raw_html el_class=\u00bbtitreimgrond\u00bb]QWxtZW5kcmE=[\/vc_raw_html][\/vc_column][vc_column width=\u00bb1\/6&#8243;][mk_circle_image src=\u00bbhttps:\/\/www.arvum-agriculture.com\/wp-content\/uploads\/2018\/02\/olive.jpg\u00bb image_diameter=\u00bb213&#8243;][vc_raw_html el_class=\u00bbtitreimgrond\u00bb]T2xpdmE=[\/vc_raw_html][\/vc_column][vc_column width=\u00bb1\/6&#8243;][mk_circle_image src=\u00bbhttps:\/\/www.arvum-agriculture.com\/wp-content\/uploads\/2018\/02\/melon.jpg\u00bb image_diameter=\u00bb213&#8243;][vc_raw_html el_class=\u00bbtitreimgrond\u00bb]TWVsJUMzJUIzbg==[\/vc_raw_html][\/vc_column][vc_column width=\u00bb1\/6&#8243;][mk_circle_image src=\u00bbhttps:\/\/www.arvum-agriculture.com\/wp-content\/uploads\/2018\/02\/tomatoes.jpg\u00bb image_diameter=\u00bb213&#8243;][vc_raw_html el_class=\u00bbtitreimgrond\u00bb]VG9tYXRl[\/vc_raw_html][\/vc_column][vc_column width=\u00bb1\/6&#8243;][\/vc_column][\/vc_row][vc_row fullwidth=\u00bbtrue\u00bb css=\u00bb.vc_custom_1518801643182{padding-bottom: 40px !important;background-color: #eaeaea !important;}\u00bb][vc_column width=\u00bb1\/6&#8243;][\/vc_column][vc_column width=\u00bb1\/6&#8243;][mk_circle_image src=\u00bbhttps:\/\/www.arvum-agriculture.com\/wp-content\/uploads\/2018\/02\/pepins.jpg\u00bb image_diameter=\u00bb213&#8243;][vc_raw_html el_class=\u00bbtitreimgrond\u00bb]RnJ1dGFzJTIwcG9tJUMzJUExY2Vhcw==[\/vc_raw_html][\/vc_column][vc_column width=\u00bb1\/6&#8243;][mk_circle_image src=\u00bbhttps:\/\/www.arvum-agriculture.com\/wp-content\/uploads\/2018\/02\/poivrons.jpg\u00bb image_diameter=\u00bb213&#8243;][vc_raw_html el_class=\u00bbtitreimgrond\u00bb]UGltaWVudGE=[\/vc_raw_html][\/vc_column][vc_column width=\u00bb1\/6&#8243;][mk_circle_image src=\u00bbhttps:\/\/www.arvum-agriculture.com\/wp-content\/uploads\/2018\/02\/vigne.jpg\u00bb image_diameter=\u00bb213&#8243;][vc_raw_html el_class=\u00bbtitreimgrond\u00bb]VmklQzMlQjFh[\/vc_raw_html][\/vc_column][vc_column width=\u00bb1\/6&#8243;][mk_circle_image src=\u00bbhttps:\/\/www.arvum-agriculture.com\/wp-content\/uploads\/2018\/02\/framboise.jpg\u00bb image_diameter=\u00bb213&#8243;][vc_raw_html el_class=\u00bbtitreimgrond\u00bb]RnJ1dGFzJTIwcm9qYXM=[\/vc_raw_html][\/vc_column][vc_column width=\u00bb1\/6&#8243;][mk_circle_image src=\u00bbhttps:\/\/www.arvum-agriculture.com\/wp-content\/uploads\/2018\/02\/noyau.jpg\u00bb image_diameter=\u00bb213&#8243;][vc_raw_html el_class=\u00bbtitreimgrond\u00bb]RnJ1dGFzJTIwZGUlMjBodWVzbw==[\/vc_raw_html][\/vc_column][\/vc_row]\n<\/section>","protected":false},"excerpt":{"rendered":"<p>[vc_row fullwidth=\u00bbtrue\u00bb css=\u00bb.vc_custom_1513878280915{background-color: #3f3f3f !important;}\u00bb][vc_column][mk_fancy_title tag_name=\u00bbh1&#8243; color=\u00bb#444444&#8243; size=\u00bb33&#8243; margin_top=\u00bb53&#8243; margin_bottom=\u00bb30&#8243; font_family=\u00bbnone\u00bb align=\u00bbcenter\u00bb]CONTROL TOTAL[\/mk_fancy_title][\/vc_column][\/vc_row][vc_row][vc_column][mk_padding_divider][\/vc_column][\/vc_row][vc_row][vc_column width=\u00bb1\/2&#8243;][vc_single_image image=\u00bb12021&#8243; img_size=\u00bbfull\u00bb alignment=\u00bbcenter\u00bb style=\u00bbvc_box_shadow\u00bb css_animation=\u00bbslideInLeft\u00bb][vc_single_image image=\u00bb12020&#8243; img_size=\u00bbfull\u00bb alignment=\u00bbcenter\u00bb style=\u00bbvc_box_shadow\u00bb css_animation=\u00bbslideInLeft\u00bb][\/vc_column][vc_column width=\u00bb1\/2&#8243;][mk_custom_list animation=\u00bbright-to-left\u00bb] Control de costes de toda la explotaci\u00f3n Gesti\u00f3n de tareas al interior de la finca Seguimiento y control de resultados Visitas regulares por parte de un experto agr\u00f3nomo Reducci\u00f3n [&hellip;]<\/p>\n","protected":false},"author":1,"featured_media":0,"parent":0,"menu_order":8,"comment_status":"closed","ping_status":"closed","template":"","meta":[],"yoast_head":"<!-- This site is optimized with the Yoast SEO plugin v20.7 - https:\/\/yoast.com\/wordpress\/plugins\/seo\/ -->\n<title>CONTROL TOTAL - ARVUM AGRICULTURE<\/title>\n<meta name=\"robots\" content=\"index, follow, max-snippet:-1, max-image-preview:large, max-video-preview:-1\" \/>\n<link rel=\"canonical\" href=\"https:\/\/www.arvum-agriculture.com\/es\/control-total\/\" \/>\n<meta property=\"og:locale\" content=\"es_ES\" \/>\n<meta property=\"og:type\" content=\"article\" \/>\n<meta property=\"og:title\" content=\"CONTROL TOTAL - ARVUM AGRICULTURE\" \/>\n<meta property=\"og:description\" content=\"[vc_row fullwidth=\u00bbtrue\u00bb css=\u00bb.vc_custom_1513878280915{background-color: #3f3f3f !important;}\u00bb][vc_column][mk_fancy_title tag_name=\u00bbh1&#8243; color=\u00bb#444444&#8243; size=\u00bb33&#8243; margin_top=\u00bb53&#8243; margin_bottom=\u00bb30&#8243; font_family=\u00bbnone\u00bb align=\u00bbcenter\u00bb]CONTROL TOTAL[\/mk_fancy_title][\/vc_column][\/vc_row][vc_row][vc_column][mk_padding_divider][\/vc_column][\/vc_row][vc_row][vc_column width=\u00bb1\/2&#8243;][vc_single_image image=\u00bb12021&#8243; img_size=\u00bbfull\u00bb alignment=\u00bbcenter\u00bb style=\u00bbvc_box_shadow\u00bb css_animation=\u00bbslideInLeft\u00bb][vc_single_image image=\u00bb12020&#8243; img_size=\u00bbfull\u00bb alignment=\u00bbcenter\u00bb style=\u00bbvc_box_shadow\u00bb css_animation=\u00bbslideInLeft\u00bb][\/vc_column][vc_column width=\u00bb1\/2&#8243;][mk_custom_list animation=\u00bbright-to-left\u00bb] Control de costes de toda la explotaci\u00f3n Gesti\u00f3n de tareas al interior de la finca Seguimiento y control de resultados Visitas regulares por parte de un experto agr\u00f3nomo Reducci\u00f3n [&hellip;]\" \/>\n<meta property=\"og:url\" content=\"https:\/\/www.arvum-agriculture.com\/es\/control-total\/\" \/>\n<meta property=\"og:site_name\" content=\"ARVUM AGRICULTURE\" \/>\n<meta property=\"article:modified_time\" content=\"2020-04-10T14:58:53+00:00\" \/>\n<meta name=\"twitter:card\" content=\"summary_large_image\" \/>\n<meta name=\"twitter:label1\" content=\"Tiempo de lectura\" \/>\n\t<meta name=\"twitter:data1\" content=\"4 minutos\" \/>\n<script type=\"application\/ld+json\" class=\"yoast-schema-graph\">{\"@context\":\"https:\/\/schema.org\",\"@graph\":[{\"@type\":\"WebPage\",\"@id\":\"https:\/\/www.arvum-agriculture.com\/es\/control-total\/\",\"url\":\"https:\/\/www.arvum-agriculture.com\/es\/control-total\/\",\"name\":\"CONTROL TOTAL - ARVUM AGRICULTURE\",\"isPartOf\":{\"@id\":\"https:\/\/www.arvum-agriculture.com\/#website\"},\"datePublished\":\"2017-12-13T11:39:47+00:00\",\"dateModified\":\"2020-04-10T14:58:53+00:00\",\"breadcrumb\":{\"@id\":\"https:\/\/www.arvum-agriculture.com\/es\/control-total\/#breadcrumb\"},\"inLanguage\":\"es\",\"potentialAction\":[{\"@type\":\"ReadAction\",\"target\":[\"https:\/\/www.arvum-agriculture.com\/es\/control-total\/\"]}]},{\"@type\":\"BreadcrumbList\",\"@id\":\"https:\/\/www.arvum-agriculture.com\/es\/control-total\/#breadcrumb\",\"itemListElement\":[{\"@type\":\"ListItem\",\"position\":1,\"name\":\"Accueil\",\"item\":\"https:\/\/www.arvum-agriculture.com\/es\/\"},{\"@type\":\"ListItem\",\"position\":2,\"name\":\"CONTROL TOTAL\"}]},{\"@type\":\"WebSite\",\"@id\":\"https:\/\/www.arvum-agriculture.com\/#website\",\"url\":\"https:\/\/www.arvum-agriculture.com\/\",\"name\":\"ARVUM AGRICULTURE\",\"description\":\"Optimiser l&#039;irrigation | irrigation durable\",\"potentialAction\":[{\"@type\":\"SearchAction\",\"target\":{\"@type\":\"EntryPoint\",\"urlTemplate\":\"https:\/\/www.arvum-agriculture.com\/?s={search_term_string}\"},\"query-input\":\"required name=search_term_string\"}],\"inLanguage\":\"es\"}]}<\/script>\n<!-- \/ Yoast SEO plugin. -->","yoast_head_json":{"title":"CONTROL TOTAL - ARVUM AGRICULTURE","robots":{"index":"index","follow":"follow","max-snippet":"max-snippet:-1","max-image-preview":"max-image-preview:large","max-video-preview":"max-video-preview:-1"},"canonical":"https:\/\/www.arvum-agriculture.com\/es\/control-total\/","og_locale":"es_ES","og_type":"article","og_title":"CONTROL TOTAL - ARVUM AGRICULTURE","og_description":"[vc_row fullwidth=\u00bbtrue\u00bb css=\u00bb.vc_custom_1513878280915{background-color: #3f3f3f !important;}\u00bb][vc_column][mk_fancy_title tag_name=\u00bbh1&#8243; color=\u00bb#444444&#8243; size=\u00bb33&#8243; margin_top=\u00bb53&#8243; margin_bottom=\u00bb30&#8243; font_family=\u00bbnone\u00bb align=\u00bbcenter\u00bb]CONTROL TOTAL[\/mk_fancy_title][\/vc_column][\/vc_row][vc_row][vc_column][mk_padding_divider][\/vc_column][\/vc_row][vc_row][vc_column width=\u00bb1\/2&#8243;][vc_single_image image=\u00bb12021&#8243; img_size=\u00bbfull\u00bb alignment=\u00bbcenter\u00bb style=\u00bbvc_box_shadow\u00bb css_animation=\u00bbslideInLeft\u00bb][vc_single_image image=\u00bb12020&#8243; img_size=\u00bbfull\u00bb alignment=\u00bbcenter\u00bb style=\u00bbvc_box_shadow\u00bb css_animation=\u00bbslideInLeft\u00bb][\/vc_column][vc_column width=\u00bb1\/2&#8243;][mk_custom_list animation=\u00bbright-to-left\u00bb] Control de costes de toda la explotaci\u00f3n Gesti\u00f3n de tareas al interior de la finca Seguimiento y control de resultados Visitas regulares por parte de un experto agr\u00f3nomo Reducci\u00f3n [&hellip;]","og_url":"https:\/\/www.arvum-agriculture.com\/es\/control-total\/","og_site_name":"ARVUM AGRICULTURE","article_modified_time":"2020-04-10T14:58:53+00:00","twitter_card":"summary_large_image","twitter_misc":{"Tiempo de lectura":"4 minutos"},"schema":{"@context":"https:\/\/schema.org","@graph":[{"@type":"WebPage","@id":"https:\/\/www.arvum-agriculture.com\/es\/control-total\/","url":"https:\/\/www.arvum-agriculture.com\/es\/control-total\/","name":"CONTROL TOTAL - ARVUM AGRICULTURE","isPartOf":{"@id":"https:\/\/www.arvum-agriculture.com\/#website"},"datePublished":"2017-12-13T11:39:47+00:00","dateModified":"2020-04-10T14:58:53+00:00","breadcrumb":{"@id":"https:\/\/www.arvum-agriculture.com\/es\/control-total\/#breadcrumb"},"inLanguage":"es","potentialAction":[{"@type":"ReadAction","target":["https:\/\/www.arvum-agriculture.com\/es\/control-total\/"]}]},{"@type":"BreadcrumbList","@id":"https:\/\/www.arvum-agriculture.com\/es\/control-total\/#breadcrumb","itemListElement":[{"@type":"ListItem","position":1,"name":"Accueil","item":"https:\/\/www.arvum-agriculture.com\/es\/"},{"@type":"ListItem","position":2,"name":"CONTROL TOTAL"}]},{"@type":"WebSite","@id":"https:\/\/www.arvum-agriculture.com\/#website","url":"https:\/\/www.arvum-agriculture.com\/","name":"ARVUM AGRICULTURE","description":"Optimiser l&#039;irrigation | irrigation durable","potentialAction":[{"@type":"SearchAction","target":{"@type":"EntryPoint","urlTemplate":"https:\/\/www.arvum-agriculture.com\/?s={search_term_string}"},"query-input":"required name=search_term_string"}],"inLanguage":"es"}]}},"_links":{"self":[{"href":"https:\/\/www.arvum-agriculture.com\/es\/wp-json\/wp\/v2\/pages\/11784"}],"collection":[{"href":"https:\/\/www.arvum-agriculture.com\/es\/wp-json\/wp\/v2\/pages"}],"about":[{"href":"https:\/\/www.arvum-agriculture.com\/es\/wp-json\/wp\/v2\/types\/page"}],"author":[{"embeddable":true,"href":"https:\/\/www.arvum-agriculture.com\/es\/wp-json\/wp\/v2\/users\/1"}],"replies":[{"embeddable":true,"href":"https:\/\/www.arvum-agriculture.com\/es\/wp-json\/wp\/v2\/comments?post=11784"}],"version-history":[{"count":0,"href":"https:\/\/www.arvum-agriculture.com\/es\/wp-json\/wp\/v2\/pages\/11784\/revisions"}],"wp:attachment":[{"href":"https:\/\/www.arvum-agriculture.com\/es\/wp-json\/wp\/v2\/media?parent=11784"}],"curies":[{"name":"wp","href":"https:\/\/api.w.org\/{rel}","templated":true}]}}